{"id":2273,"date":"2025-08-31T01:30:02","date_gmt":"2025-08-31T01:30:02","guid":{"rendered":"https:\/\/macronaturalsshop.com\/?post_type=product&#038;p=2273"},"modified":"2025-08-31T18:18:03","modified_gmt":"2025-08-31T18:18:03","slug":"aloe-vera-60-softgels","status":"publish","type":"product","link":"https:\/\/macronaturalsshop.com\/?product=aloe-vera-60-softgels","title":{"rendered":"Aloe Vera 60 sg"},"content":{"rendered":"<p>\u00datil en el tratamiento de alteraciones gastrointestinales (gastritis, ulceras, inflamaciones de<br \/>\ncolon). Ayuda a aliviar el estre\u00f1imiento, a activar la proliferaci\u00f3n celular la desintoxicaci\u00f3n<br \/>\nsangu\u00ednea.<\/p>\n","protected":false},"excerpt":{"rendered":"<p>Laxante. Coadyuvante para el estre\u00f1imiento ocasional y afecciones en las cuales se requiera una f\u00e1cil evacuaci\u00f3n intestinal con heces blandas.<\/p>\n","protected":false},"featured_media":5289,"comment_status":"open","ping_status":"closed","template":"","meta":[],"product_brand":[482],"product_cat":[396],"product_tag":[635,502,639,500,501,520,503],"class_list":{"0":"post-2273","1":"product","2":"type-product","3":"status-publish","4":"has-post-thumbnail","6":"product_brand-natural-system","7":"product_cat-sistema-digestivo","8":"product_tag-estrenimiento","9":"product_tag-heredia","10":"product_tag-laxante","11":"product_tag-macrobiotica","12":"product_tag-natural","13":"product_tag-natural-shop","14":"product_tag-san-pablo","16":"first","17":"instock","18":"shipping-taxable","19":"purchasable","20":"product-type-simple"},"jetpack_sharing_enabled":true,"_links":{"self":[{"href":"https:\/\/macronaturalsshop.com\/index.php?rest_route=\/wp\/v2\/product\/2273"}],"collection":[{"href":"https:\/\/macronaturalsshop.com\/index.php?rest_route=\/wp\/v2\/product"}],"about":[{"href":"https:\/\/macronaturalsshop.com\/index.php?rest_route=\/wp\/v2\/types\/product"}],"replies":[{"embeddable":true,"href":"https:\/\/macronaturalsshop.com\/index.php?rest_route=%2Fwp%2Fv2%2Fcomments&post=2273"}],"wp:featuredmedia":[{"embeddable":true,"href":"https:\/\/macronaturalsshop.com\/index.php?rest_route=\/wp\/v2\/media\/5289"}],"wp:attachment":[{"href":"https:\/\/macronaturalsshop.com\/index.php?rest_route=%2Fwp%2Fv2%2Fmedia&parent=2273"}],"wp:term":[{"taxonomy":"product_brand","embeddable":true,"href":"https:\/\/macronaturalsshop.com\/index.php?rest_route=%2Fwp%2Fv2%2Fproduct_brand&post=2273"},{"taxonomy":"product_cat","embeddable":true,"href":"https:\/\/macronaturalsshop.com\/index.php?rest_route=%2Fwp%2Fv2%2Fproduct_cat&post=2273"},{"taxonomy":"product_tag","embeddable":true,"href":"https:\/\/macronaturalsshop.com\/index.php?rest_route=%2Fwp%2Fv2%2Fproduct_tag&post=2273"}],"curies":[{"name":"wp","href":"https:\/\/api.w.org\/{rel}","templated":true}]}}