{"id":2275,"date":"2025-08-16T01:35:08","date_gmt":"2025-08-16T01:35:08","guid":{"rendered":"https:\/\/macronaturalsshop.com\/?post_type=product&#038;p=2275"},"modified":"2025-09-22T00:40:44","modified_gmt":"2025-09-22T00:40:44","slug":"retinol-y-coenzimaq10-60-twist-caps","status":"publish","type":"product","link":"https:\/\/macronaturalsshop.com\/?product=retinol-y-coenzimaq10-60-twist-caps","title":{"rendered":"Retinol &#038; Coenzime Q10"},"content":{"rendered":"<p>Crema ideal para evitar profundizaci\u00f3n de las arrugas.<br \/>\nSerum antienvejecimiento.<br \/>\nMejora la absorci\u00f3n del col\u00e1geno.<br \/>\nAten\u00faa las l\u00edneas de expresi\u00f3n.<\/p>\n","protected":false},"excerpt":{"rendered":"<p>Crema emoliente, ideal para evitar la profundizaci\u00f3n de las arrugas:<br \/>\nOfrece suavidad mejorando la elasticidad de la piel.<br \/>\nProtege del da\u00f1o por la radiaci\u00f3n ultravioleta.<br \/>\nPreviene el fotoenvejecimento.<\/p>\n","protected":false},"featured_media":2276,"comment_status":"open","ping_status":"closed","template":"","meta":[],"product_brand":[482],"product_cat":[408],"product_tag":[502,501,520,509,503],"class_list":{"0":"post-2275","1":"product","2":"type-product","3":"status-publish","4":"has-post-thumbnail","6":"product_brand-natural-system","7":"product_cat-cuidado-personal","8":"product_tag-heredia","9":"product_tag-natural","10":"product_tag-natural-shop","11":"product_tag-piel","12":"product_tag-san-pablo","14":"first","15":"instock","16":"shipping-taxable","17":"purchasable","18":"product-type-simple"},"jetpack_sharing_enabled":true,"_links":{"self":[{"href":"https:\/\/macronaturalsshop.com\/index.php?rest_route=\/wp\/v2\/product\/2275"}],"collection":[{"href":"https:\/\/macronaturalsshop.com\/index.php?rest_route=\/wp\/v2\/product"}],"about":[{"href":"https:\/\/macronaturalsshop.com\/index.php?rest_route=\/wp\/v2\/types\/product"}],"replies":[{"embeddable":true,"href":"https:\/\/macronaturalsshop.com\/index.php?rest_route=%2Fwp%2Fv2%2Fcomments&post=2275"}],"wp:featuredmedia":[{"embeddable":true,"href":"https:\/\/macronaturalsshop.com\/index.php?rest_route=\/wp\/v2\/media\/2276"}],"wp:attachment":[{"href":"https:\/\/macronaturalsshop.com\/index.php?rest_route=%2Fwp%2Fv2%2Fmedia&parent=2275"}],"wp:term":[{"taxonomy":"product_brand","embeddable":true,"href":"https:\/\/macronaturalsshop.com\/index.php?rest_route=%2Fwp%2Fv2%2Fproduct_brand&post=2275"},{"taxonomy":"product_cat","embeddable":true,"href":"https:\/\/macronaturalsshop.com\/index.php?rest_route=%2Fwp%2Fv2%2Fproduct_cat&post=2275"},{"taxonomy":"product_tag","embeddable":true,"href":"https:\/\/macronaturalsshop.com\/index.php?rest_route=%2Fwp%2Fv2%2Fproduct_tag&post=2275"}],"curies":[{"name":"wp","href":"https:\/\/api.w.org\/{rel}","templated":true}]}}