{"id":2277,"date":"2025-08-31T01:35:24","date_gmt":"2025-08-31T01:35:24","guid":{"rendered":"https:\/\/macronaturalsshop.com\/?post_type=product&#038;p=2277"},"modified":"2025-08-31T18:26:44","modified_gmt":"2025-08-31T18:26:44","slug":"winkle-out-30-twist-caps","status":"publish","type":"product","link":"https:\/\/macronaturalsshop.com\/?product=winkle-out-30-twist-caps","title":{"rendered":"Wrinkle Out 30 Twist caps"},"content":{"rendered":"<p>Crema emoliente y humectante para evitar la profundizaci\u00f3n de las arrugas o l\u00edneas de expresi\u00f3n.<br \/>\nRecupera la luminosidad, apariencia y suavidad de la piel en rostro y cuello.<br \/>\nMejora la elasticidad de la piel.<\/p>\n","protected":false},"excerpt":{"rendered":"<p>Producto antiarrugas que:<br \/>\nReduce las l\u00edneas de expresi\u00f3n<br \/>\nRealiza levantamiento 3D de la piel (Efecto Lifting)<br \/>\nMejora la elasticidad de la piel.<br \/>\nRecupera la luminosidad, apariencia, suavidad de la piel en rostro y cuello<\/p>\n","protected":false},"featured_media":2278,"comment_status":"open","ping_status":"closed","template":"","meta":[],"product_brand":[482],"product_cat":[408],"product_tag":[502,500,501,520,509,503],"class_list":{"0":"post-2277","1":"product","2":"type-product","3":"status-publish","4":"has-post-thumbnail","6":"product_brand-natural-system","7":"product_cat-cuidado-personal","8":"product_tag-heredia","9":"product_tag-macrobiotica","10":"product_tag-natural","11":"product_tag-natural-shop","12":"product_tag-piel","13":"product_tag-san-pablo","15":"first","16":"instock","17":"shipping-taxable","18":"purchasable","19":"product-type-simple"},"jetpack_sharing_enabled":true,"_links":{"self":[{"href":"https:\/\/macronaturalsshop.com\/index.php?rest_route=\/wp\/v2\/product\/2277"}],"collection":[{"href":"https:\/\/macronaturalsshop.com\/index.php?rest_route=\/wp\/v2\/product"}],"about":[{"href":"https:\/\/macronaturalsshop.com\/index.php?rest_route=\/wp\/v2\/types\/product"}],"replies":[{"embeddable":true,"href":"https:\/\/macronaturalsshop.com\/index.php?rest_route=%2Fwp%2Fv2%2Fcomments&post=2277"}],"wp:featuredmedia":[{"embeddable":true,"href":"https:\/\/macronaturalsshop.com\/index.php?rest_route=\/wp\/v2\/media\/2278"}],"wp:attachment":[{"href":"https:\/\/macronaturalsshop.com\/index.php?rest_route=%2Fwp%2Fv2%2Fmedia&parent=2277"}],"wp:term":[{"taxonomy":"product_brand","embeddable":true,"href":"https:\/\/macronaturalsshop.com\/index.php?rest_route=%2Fwp%2Fv2%2Fproduct_brand&post=2277"},{"taxonomy":"product_cat","embeddable":true,"href":"https:\/\/macronaturalsshop.com\/index.php?rest_route=%2Fwp%2Fv2%2Fproduct_cat&post=2277"},{"taxonomy":"product_tag","embeddable":true,"href":"https:\/\/macronaturalsshop.com\/index.php?rest_route=%2Fwp%2Fv2%2Fproduct_tag&post=2277"}],"curies":[{"name":"wp","href":"https:\/\/api.w.org\/{rel}","templated":true}]}}