{"id":2279,"date":"2025-08-16T01:16:04","date_gmt":"2025-08-16T01:16:04","guid":{"rendered":"https:\/\/macronaturalsshop.com\/?post_type=product&#038;p=2279"},"modified":"2025-08-16T19:35:07","modified_gmt":"2025-08-16T19:35:07","slug":"colagenovitamina-c","status":"publish","type":"product","link":"https:\/\/macronaturalsshop.com\/?product=colagenovitamina-c","title":{"rendered":"Col\u00e1geno + Vitamina C"},"content":{"rendered":"<p>Mejora la recuperaci\u00f3n de las posibles lesiones.<br \/>\nReduce los dolores articulares y la inflamaci\u00f3n de las articulaciones.<br \/>\nMantiene la densidad de nuestros huesos.<br \/>\nMejora la resistencia y fortaleza de nuestras articulaciones, tendones y ligamentos.<br \/>\nEs determinante a la hora de transmitir la fuerza de los m\u00fasculos.<br \/>\nMejora la elasticidad y la firmeza de la piel, y. reduce la aparici\u00f3n de estr\u00edas, arrugas y flacidez.<br \/>\nDolores musculares y articulares, sobre todo en la articulaci\u00f3n de la rodilla.<br \/>\nIncremento de la porosidad del hueso, debido a una descalcificaci\u00f3n como consecuencia de la p\u00e9rdida de las sales c\u00e1lcicas que est\u00e1n adheridas al col\u00e1geno.<\/p>\n","protected":false},"excerpt":{"rendered":"<p>El col\u00e1geno hidrolizado es un forma de prote\u00edna \u00fatil en el mantenimiento de la salud en la piel y tejidos del cuerpo. El consumo regular de col\u00e1geno, junto con una dieta balanceada y actividad f\u00edsica, coadyuva a la nutrici\u00f3n del cart\u00edlago de las articulaciones, mejorando la calidad de vida.<\/p>\n","protected":false},"featured_media":5047,"comment_status":"open","ping_status":"closed","template":"","meta":[],"product_brand":[482],"product_cat":[389],"product_tag":[559,502,500,501,520,503],"class_list":{"0":"post-2279","1":"product","2":"type-product","3":"status-publish","4":"has-post-thumbnail","6":"product_brand-natural-system","7":"product_cat-colageno","8":"product_tag-colageno","9":"product_tag-heredia","10":"product_tag-macrobiotica","11":"product_tag-natural","12":"product_tag-natural-shop","13":"product_tag-san-pablo","15":"first","16":"instock","17":"shipping-taxable","18":"purchasable","19":"product-type-simple"},"jetpack_sharing_enabled":true,"_links":{"self":[{"href":"https:\/\/macronaturalsshop.com\/index.php?rest_route=\/wp\/v2\/product\/2279"}],"collection":[{"href":"https:\/\/macronaturalsshop.com\/index.php?rest_route=\/wp\/v2\/product"}],"about":[{"href":"https:\/\/macronaturalsshop.com\/index.php?rest_route=\/wp\/v2\/types\/product"}],"replies":[{"embeddable":true,"href":"https:\/\/macronaturalsshop.com\/index.php?rest_route=%2Fwp%2Fv2%2Fcomments&post=2279"}],"wp:featuredmedia":[{"embeddable":true,"href":"https:\/\/macronaturalsshop.com\/index.php?rest_route=\/wp\/v2\/media\/5047"}],"wp:attachment":[{"href":"https:\/\/macronaturalsshop.com\/index.php?rest_route=%2Fwp%2Fv2%2Fmedia&parent=2279"}],"wp:term":[{"taxonomy":"product_brand","embeddable":true,"href":"https:\/\/macronaturalsshop.com\/index.php?rest_route=%2Fwp%2Fv2%2Fproduct_brand&post=2279"},{"taxonomy":"product_cat","embeddable":true,"href":"https:\/\/macronaturalsshop.com\/index.php?rest_route=%2Fwp%2Fv2%2Fproduct_cat&post=2279"},{"taxonomy":"product_tag","embeddable":true,"href":"https:\/\/macronaturalsshop.com\/index.php?rest_route=%2Fwp%2Fv2%2Fproduct_tag&post=2279"}],"curies":[{"name":"wp","href":"https:\/\/api.w.org\/{rel}","templated":true}]}}