{"id":2281,"date":"2025-08-16T01:18:16","date_gmt":"2025-08-16T01:18:16","guid":{"rendered":"https:\/\/macronaturalsshop.com\/?post_type=product&#038;p=2281"},"modified":"2025-08-16T20:04:29","modified_gmt":"2025-08-16T20:04:29","slug":"vitamina-b12-plus-vitamina-b6-100-sg","status":"publish","type":"product","link":"https:\/\/macronaturalsshop.com\/?product=vitamina-b12-plus-vitamina-b6-100-sg","title":{"rendered":"Vitamina B12 y B6"},"content":{"rendered":"<p>La vitamina B12 es necesaria para la formaci\u00f3n de gl\u00f3bulos rojos a nivel de la m\u00e9dula \u00f3sea. Es necesaria para mantener sano el sistema nervioso central, tambi\u00e9n interviene en el funcionamiento del sistema inmune.<br \/>\nLa vitamina B6 interviene en la elaboraci\u00f3n de sustancias cerebrales que regulan el estado de \u00e1nimo como la serotonina, pudiendo ayudar en algunas personas, en casos de depresi\u00f3n, estr\u00e9s y alteraciones del sue\u00f1o. Incrementa el rendimiento muscular y la producci\u00f3n de energ\u00eda. Es importante la vitamina B6 para una adecuada absorci\u00f3n de la vitamina B12 y de Magnesio.<\/p>\n","protected":false},"excerpt":{"rendered":"<p>La combinaci\u00f3n de vitaminas B12 y B6 coadyuvan a la formaci\u00f3n de gl\u00f3bulos rojos y al mantenimiento del sistema nervioso central. Coadyuva al buen funcionamiento normal de sistema inmune. Contribuye al metabolismo energ\u00e9tico normal que favorece a los estados de \u00e1nimo. Acompa\u00f1ada de una dieta balanceada, ayuda al metabolismo normal de prote\u00ednas y carbohidratos.<\/p>\n","protected":false},"featured_media":2282,"comment_status":"open","ping_status":"closed","template":"","meta":[],"product_brand":[482],"product_cat":[398],"product_tag":[502,500,501,520,503,568],"class_list":{"0":"post-2281","1":"product","2":"type-product","3":"status-publish","4":"has-post-thumbnail","6":"product_brand-natural-system","7":"product_cat-vit-y-min","8":"product_tag-heredia","9":"product_tag-macrobiotica","10":"product_tag-natural","11":"product_tag-natural-shop","12":"product_tag-san-pablo","13":"product_tag-vitaminas","15":"first","16":"instock","17":"shipping-taxable","18":"purchasable","19":"product-type-simple"},"jetpack_sharing_enabled":true,"_links":{"self":[{"href":"https:\/\/macronaturalsshop.com\/index.php?rest_route=\/wp\/v2\/product\/2281"}],"collection":[{"href":"https:\/\/macronaturalsshop.com\/index.php?rest_route=\/wp\/v2\/product"}],"about":[{"href":"https:\/\/macronaturalsshop.com\/index.php?rest_route=\/wp\/v2\/types\/product"}],"replies":[{"embeddable":true,"href":"https:\/\/macronaturalsshop.com\/index.php?rest_route=%2Fwp%2Fv2%2Fcomments&post=2281"}],"wp:featuredmedia":[{"embeddable":true,"href":"https:\/\/macronaturalsshop.com\/index.php?rest_route=\/wp\/v2\/media\/2282"}],"wp:attachment":[{"href":"https:\/\/macronaturalsshop.com\/index.php?rest_route=%2Fwp%2Fv2%2Fmedia&parent=2281"}],"wp:term":[{"taxonomy":"product_brand","embeddable":true,"href":"https:\/\/macronaturalsshop.com\/index.php?rest_route=%2Fwp%2Fv2%2Fproduct_brand&post=2281"},{"taxonomy":"product_cat","embeddable":true,"href":"https:\/\/macronaturalsshop.com\/index.php?rest_route=%2Fwp%2Fv2%2Fproduct_cat&post=2281"},{"taxonomy":"product_tag","embeddable":true,"href":"https:\/\/macronaturalsshop.com\/index.php?rest_route=%2Fwp%2Fv2%2Fproduct_tag&post=2281"}],"curies":[{"name":"wp","href":"https:\/\/api.w.org\/{rel}","templated":true}]}}