{"id":2285,"date":"2025-08-31T01:40:37","date_gmt":"2025-08-31T01:40:37","guid":{"rendered":"https:\/\/macronaturalsshop.com\/?post_type=product&#038;p=2285"},"modified":"2025-08-31T18:29:51","modified_gmt":"2025-08-31T18:29:51","slug":"selenium-250mcg","status":"publish","type":"product","link":"https:\/\/macronaturalsshop.com\/?product=selenium-250mcg","title":{"rendered":"Selenium 250mcg"},"content":{"rendered":"<p>El Selenio es un mineral esencial para el ser humano, requerido en peque\u00f1as cantidades.<br \/>\nEs un excelente antioxidante, especialmente cuando se combina con la Vitamina E; juega tambi\u00e9n un rol vital en el metabolismo humano. Protege contra los efectos t\u00f3xicos del cadmio contaminante y es antagonista del ars\u00e9nico, la plata, el mercurio y el cobre.<\/p>\n","protected":false},"excerpt":{"rendered":"<p>Selenio mineral con capacidad antioxidante, acompa\u00f1ado con una alimentaci\u00f3n saludable protege al sistema inmune, ayuda a mantener un buen estado de \u00e1nimo, contribuye al mantenimiento de las u\u00f1as y el cabello en condiciones normales.<\/p>\n","protected":false},"featured_media":5292,"comment_status":"open","ping_status":"closed","template":"","meta":[],"product_brand":[479,482],"product_cat":[398],"product_tag":[564,502,500,501,520,503,581],"class_list":{"0":"post-2285","1":"product","2":"type-product","3":"status-publish","4":"has-post-thumbnail","6":"product_brand-mondaisa","7":"product_brand-natural-system","8":"product_cat-vit-y-min","9":"product_tag-antioxidante","10":"product_tag-heredia","11":"product_tag-macrobiotica","12":"product_tag-natural","13":"product_tag-natural-shop","14":"product_tag-san-pablo","15":"product_tag-unas","17":"first","18":"instock","19":"shipping-taxable","20":"purchasable","21":"product-type-simple"},"jetpack_sharing_enabled":true,"_links":{"self":[{"href":"https:\/\/macronaturalsshop.com\/index.php?rest_route=\/wp\/v2\/product\/2285"}],"collection":[{"href":"https:\/\/macronaturalsshop.com\/index.php?rest_route=\/wp\/v2\/product"}],"about":[{"href":"https:\/\/macronaturalsshop.com\/index.php?rest_route=\/wp\/v2\/types\/product"}],"replies":[{"embeddable":true,"href":"https:\/\/macronaturalsshop.com\/index.php?rest_route=%2Fwp%2Fv2%2Fcomments&post=2285"}],"wp:featuredmedia":[{"embeddable":true,"href":"https:\/\/macronaturalsshop.com\/index.php?rest_route=\/wp\/v2\/media\/5292"}],"wp:attachment":[{"href":"https:\/\/macronaturalsshop.com\/index.php?rest_route=%2Fwp%2Fv2%2Fmedia&parent=2285"}],"wp:term":[{"taxonomy":"product_brand","embeddable":true,"href":"https:\/\/macronaturalsshop.com\/index.php?rest_route=%2Fwp%2Fv2%2Fproduct_brand&post=2285"},{"taxonomy":"product_cat","embeddable":true,"href":"https:\/\/macronaturalsshop.com\/index.php?rest_route=%2Fwp%2Fv2%2Fproduct_cat&post=2285"},{"taxonomy":"product_tag","embeddable":true,"href":"https:\/\/macronaturalsshop.com\/index.php?rest_route=%2Fwp%2Fv2%2Fproduct_tag&post=2285"}],"curies":[{"name":"wp","href":"https:\/\/api.w.org\/{rel}","templated":true}]}}