{"id":2293,"date":"2025-07-26T09:24:29","date_gmt":"2025-07-26T09:24:29","guid":{"rendered":"https:\/\/macronaturalsshop.com\/?post_type=product&#038;p=2293"},"modified":"2025-07-26T19:53:10","modified_gmt":"2025-07-26T19:53:10","slug":"omega-3-6-9-2","status":"publish","type":"product","link":"https:\/\/macronaturalsshop.com\/?product=omega-3-6-9-2","title":{"rendered":"Omega 3-6-9 90sg"},"content":{"rendered":"<p>El \u00e1cido graso Omega-9 es creado por el cuerpo, pero en cantidades muy peque\u00f1as.<br \/>\nLos \u00e1cidos grasos Omega 3 6 9 y sus propiedades con efectos muy beneficiosos para el organismo.<br \/>\nSu uso se ha ido popularizando desde que en los a\u00f1os 70 del siglo pasado algunos investigadores<br \/>\ncient\u00edficos se dieron cuenta de que la poblaci\u00f3n esquimal no ten\u00eda pr\u00e1cticamente enfermedades<br \/>\ncardiovasculares, en buena parte gracias a que su dieta es rica en Omega 3.<br \/>\nConocer las caracter\u00edsticas y propiedades de los \u00e1cidos grasos esenciales Omega 3, 6 y 9 nos<br \/>\nayudar\u00e1 a darnos cuenta de la importancia de incluir estos nutrientes en nuestra dieta.<\/p>\n","protected":false},"excerpt":{"rendered":"<p>Este producto es un aceite concentrado de pescado, frutos y semillas, el cual es una fuente de \u00e1cidos grasos esenciales que ayudan a mantener las arterias sanas y a disminuir el colesterol nocivo. La deficiencia de \u00e1cidos grasos esenciales ha sido relacionada con enfermedades cardiovasculares y de c\u00e1ncer, artritis, alergias y muchas otras enfermedades inmunol\u00f3gicas.<\/p>\n","protected":false},"featured_media":2294,"comment_status":"open","ping_status":"closed","template":"","meta":[],"product_brand":[482],"product_cat":[395,448,379],"product_tag":[546,502,500,501,520,503,547],"class_list":{"0":"post-2293","1":"product","2":"type-product","3":"status-publish","4":"has-post-thumbnail","6":"product_brand-natural-system","7":"product_cat-trigliceridos","8":"product_cat-circulacion","9":"product_cat-sistema-inmunologico","10":"product_tag-colesterol","11":"product_tag-heredia","12":"product_tag-macrobiotica","13":"product_tag-natural","14":"product_tag-natural-shop","15":"product_tag-san-pablo","16":"product_tag-trigliceridos","18":"first","19":"instock","20":"shipping-taxable","21":"purchasable","22":"product-type-simple"},"jetpack_sharing_enabled":true,"_links":{"self":[{"href":"https:\/\/macronaturalsshop.com\/index.php?rest_route=\/wp\/v2\/product\/2293"}],"collection":[{"href":"https:\/\/macronaturalsshop.com\/index.php?rest_route=\/wp\/v2\/product"}],"about":[{"href":"https:\/\/macronaturalsshop.com\/index.php?rest_route=\/wp\/v2\/types\/product"}],"replies":[{"embeddable":true,"href":"https:\/\/macronaturalsshop.com\/index.php?rest_route=%2Fwp%2Fv2%2Fcomments&post=2293"}],"wp:featuredmedia":[{"embeddable":true,"href":"https:\/\/macronaturalsshop.com\/index.php?rest_route=\/wp\/v2\/media\/2294"}],"wp:attachment":[{"href":"https:\/\/macronaturalsshop.com\/index.php?rest_route=%2Fwp%2Fv2%2Fmedia&parent=2293"}],"wp:term":[{"taxonomy":"product_brand","embeddable":true,"href":"https:\/\/macronaturalsshop.com\/index.php?rest_route=%2Fwp%2Fv2%2Fproduct_brand&post=2293"},{"taxonomy":"product_cat","embeddable":true,"href":"https:\/\/macronaturalsshop.com\/index.php?rest_route=%2Fwp%2Fv2%2Fproduct_cat&post=2293"},{"taxonomy":"product_tag","embeddable":true,"href":"https:\/\/macronaturalsshop.com\/index.php?rest_route=%2Fwp%2Fv2%2Fproduct_tag&post=2293"}],"curies":[{"name":"wp","href":"https:\/\/api.w.org\/{rel}","templated":true}]}}