{"id":2300,"date":"2025-08-31T01:45:04","date_gmt":"2025-08-31T01:45:04","guid":{"rendered":"https:\/\/macronaturalsshop.com\/?post_type=product&#038;p=2300"},"modified":"2025-08-31T18:33:25","modified_gmt":"2025-08-31T18:33:25","slug":"alfahydroxy-90-caps","status":"publish","type":"product","link":"https:\/\/macronaturalsshop.com\/?product=alfahydroxy-90-caps","title":{"rendered":"Alfahydroxy"},"content":{"rendered":"<p>El Picolinato de Cromo, se encarga de la utilizaci\u00f3n de la insulina para que trabaje metabolizando el az\u00facar, es de suma importancia en personas de edad avanzada, ya que suelen presentar deficiencias de cromo que se originan cuando no hay una dieta balanceada, se recomienda para obtener energ\u00eda, quemar grasas, aumentar la fuerza y la masa muscular. Los amino\u00e1cidos presentes en Apple Cider Vinegar act\u00faan como antibi\u00f3tico y antis\u00e9ptico, reduciendo dr\u00e1sticamente la toxicidad en el cuerpo, y su consumo disminuye el estr\u00e9s y la tensi\u00f3n, revitalizando el cuerpo. Green Tea disminuye el riesgo de diversos c\u00e1nceres, reduce las enfermedades del coraz\u00f3n, retrasa el envejecimiento y refuerza el sistema inmunol\u00f3gico. Por lo tanto todos estos ingredientes hacen a ALFAHYDROXY una excelente f\u00f3rmula elaborada para prop\u00f3sito de bajar de peso.<\/p>\n","protected":false},"excerpt":{"rendered":"<p>Este producto es un quemador de grasa energ\u00e9tico que contiene una serie de ingredientes tales como el \u00c1cido Hidroxic\u00edtrico presente en laGarciniaCambogia, el cual inhibe la s\u00edntesis de los l\u00edpidos y \u00e1cidos grasos, reduciendo la producci\u00f3n de colesterol LDL y triglic\u00e9ridos, la vitamina B6 ayuda a mantener el nivel de az\u00facar en sangre dentro de un rango normal.<\/p>\n","protected":false},"featured_media":5293,"comment_status":"open","ping_status":"closed","template":"","meta":[],"product_brand":[454],"product_cat":[395,388],"product_tag":[605,546,502,500,501,520,547],"class_list":{"0":"post-2300","1":"product","2":"type-product","3":"status-publish","4":"has-post-thumbnail","6":"product_brand-alfa","7":"product_cat-trigliceridos","8":"product_cat-control-de-peso","9":"product_tag-azucar-en-la-sangre","10":"product_tag-colesterol","11":"product_tag-heredia","12":"product_tag-macrobiotica","13":"product_tag-natural","14":"product_tag-natural-shop","15":"product_tag-trigliceridos","17":"first","18":"instock","19":"shipping-taxable","20":"purchasable","21":"product-type-simple"},"jetpack_sharing_enabled":true,"_links":{"self":[{"href":"https:\/\/macronaturalsshop.com\/index.php?rest_route=\/wp\/v2\/product\/2300"}],"collection":[{"href":"https:\/\/macronaturalsshop.com\/index.php?rest_route=\/wp\/v2\/product"}],"about":[{"href":"https:\/\/macronaturalsshop.com\/index.php?rest_route=\/wp\/v2\/types\/product"}],"replies":[{"embeddable":true,"href":"https:\/\/macronaturalsshop.com\/index.php?rest_route=%2Fwp%2Fv2%2Fcomments&post=2300"}],"wp:featuredmedia":[{"embeddable":true,"href":"https:\/\/macronaturalsshop.com\/index.php?rest_route=\/wp\/v2\/media\/5293"}],"wp:attachment":[{"href":"https:\/\/macronaturalsshop.com\/index.php?rest_route=%2Fwp%2Fv2%2Fmedia&parent=2300"}],"wp:term":[{"taxonomy":"product_brand","embeddable":true,"href":"https:\/\/macronaturalsshop.com\/index.php?rest_route=%2Fwp%2Fv2%2Fproduct_brand&post=2300"},{"taxonomy":"product_cat","embeddable":true,"href":"https:\/\/macronaturalsshop.com\/index.php?rest_route=%2Fwp%2Fv2%2Fproduct_cat&post=2300"},{"taxonomy":"product_tag","embeddable":true,"href":"https:\/\/macronaturalsshop.com\/index.php?rest_route=%2Fwp%2Fv2%2Fproduct_tag&post=2300"}],"curies":[{"name":"wp","href":"https:\/\/api.w.org\/{rel}","templated":true}]}}