{"id":2325,"date":"2025-08-10T10:30:55","date_gmt":"2025-08-10T10:30:55","guid":{"rendered":"https:\/\/macronaturalsshop.com\/?post_type=product&#038;p=2325"},"modified":"2025-08-11T03:13:49","modified_gmt":"2025-08-11T03:13:49","slug":"glucosamine-chondroitine","status":"publish","type":"product","link":"https:\/\/macronaturalsshop.com\/?product=glucosamine-chondroitine","title":{"rendered":"Alflexil Glucosamina y Condroitina"},"content":{"rendered":"<p>La glucosamina es un componente de los carbohidratos que el organismo no utiliza como energ\u00eda y se convierte en parte de la estructura de los tejidos. Por lo tanto, se relaciona con \u00f3rganos tales como ligamentos, ojos, tendones, u\u00f1as, piel, huesos y v\u00e1lvulas card\u00edacas.<\/p>\n<p>La condroitina tambi\u00e9n es una parte natural de los tejidos conectivos que sostienen el cuerpo, como en los huesos y cart\u00edlagos. Es esencial para el funcionamiento de estos \u00f3rganos porque absorbe los l\u00edquidos necesarios en los tejidos y bloquea las enzimas que pueden da\u00f1ar. Adem\u00e1s, la condroitina es la base para la formaci\u00f3n de nuevo tejido cartilaginoso.<\/p>\n","protected":false},"excerpt":{"rendered":"<p>La Glucosamina Condroitina proporciona soporte nutricional para el cart\u00edlago y los tejidos conectivos, lo que favorece la comodidad y flexibilidad de las articulaciones. Glucosamina y un sulfato de condroitina son componentes del cart\u00edlago normal. <\/p>\n","protected":false},"featured_media":4941,"comment_status":"open","ping_status":"closed","template":"","meta":[],"product_brand":[454],"product_cat":[430,380],"product_tag":[570,571,502,563,500,501,520,503],"class_list":{"0":"post-2325","1":"product","2":"type-product","3":"status-publish","4":"has-post-thumbnail","6":"product_brand-alfa","7":"product_cat-antinflamatorio-y-dolores","8":"product_cat-articulaciones","9":"product_tag-artritis","10":"product_tag-cartilagos","11":"product_tag-heredia","12":"product_tag-huesos","13":"product_tag-macrobiotica","14":"product_tag-natural","15":"product_tag-natural-shop","16":"product_tag-san-pablo","18":"first","19":"instock","20":"shipping-taxable","21":"purchasable","22":"product-type-simple"},"jetpack_sharing_enabled":true,"_links":{"self":[{"href":"https:\/\/macronaturalsshop.com\/index.php?rest_route=\/wp\/v2\/product\/2325"}],"collection":[{"href":"https:\/\/macronaturalsshop.com\/index.php?rest_route=\/wp\/v2\/product"}],"about":[{"href":"https:\/\/macronaturalsshop.com\/index.php?rest_route=\/wp\/v2\/types\/product"}],"replies":[{"embeddable":true,"href":"https:\/\/macronaturalsshop.com\/index.php?rest_route=%2Fwp%2Fv2%2Fcomments&post=2325"}],"wp:featuredmedia":[{"embeddable":true,"href":"https:\/\/macronaturalsshop.com\/index.php?rest_route=\/wp\/v2\/media\/4941"}],"wp:attachment":[{"href":"https:\/\/macronaturalsshop.com\/index.php?rest_route=%2Fwp%2Fv2%2Fmedia&parent=2325"}],"wp:term":[{"taxonomy":"product_brand","embeddable":true,"href":"https:\/\/macronaturalsshop.com\/index.php?rest_route=%2Fwp%2Fv2%2Fproduct_brand&post=2325"},{"taxonomy":"product_cat","embeddable":true,"href":"https:\/\/macronaturalsshop.com\/index.php?rest_route=%2Fwp%2Fv2%2Fproduct_cat&post=2325"},{"taxonomy":"product_tag","embeddable":true,"href":"https:\/\/macronaturalsshop.com\/index.php?rest_route=%2Fwp%2Fv2%2Fproduct_tag&post=2325"}],"curies":[{"name":"wp","href":"https:\/\/api.w.org\/{rel}","templated":true}]}}