{"id":2333,"date":"2025-08-31T01:50:30","date_gmt":"2025-08-31T01:50:30","guid":{"rendered":"https:\/\/macronaturalsshop.com\/?post_type=product&#038;p=2333"},"modified":"2025-08-31T18:41:01","modified_gmt":"2025-08-31T18:41:01","slug":"menopax-100-caps","status":"publish","type":"product","link":"https:\/\/macronaturalsshop.com\/?product=menopax-100-caps","title":{"rendered":"Menopax"},"content":{"rendered":"<p>Es un suplemento diet\u00e9tico que ayuda a mejorar la salud de la mujer, promoviendo su bienestar a lo largo del per\u00edodo de la menopausia. Menopax combina remedios a base de hierbas para ayudar a aliviar el s\u00edndrome premenstrual y los s\u00edntomas de la menopausia, como los sofocos, los calambres menstruales, lo que ayuda a reducirlos efectos probables de la falta de fuerza, densidad \u00f3sea y sequedad vaginal.<\/p>\n","protected":false},"excerpt":{"rendered":"<p>Debido a la combinaci\u00f3n de diversas hierbas, el suplemento se considera una rica fuente de nutrientes esenciales como prote\u00ednas, vitaminas, fibras, \u00e1cidos grasos esenciales, potasio y sodio, ayuda a reducir los efectos estrog\u00e9nicos que afectan la salud de la mujer.  Apoyan los per\u00edodos menstruales saludables y cualquier s\u00edntoma relacionado para estimular el vigor general mediante el fortalecimiento de la nutrici\u00f3n con calcio mineral, yodo, \u00e1cido f\u00f3lico, vitamina E, vitaminas B, prote\u00ednas y aceites.<\/p>\n","protected":false},"featured_media":5294,"comment_status":"open","ping_status":"closed","template":"","meta":[],"product_brand":[454],"product_cat":[439],"product_tag":[502,500,602,501,520,503],"class_list":{"0":"post-2333","1":"product","2":"type-product","3":"status-publish","4":"has-post-thumbnail","6":"product_brand-alfa","7":"product_cat-hormonal-mujer","8":"product_tag-heredia","9":"product_tag-macrobiotica","10":"product_tag-menopausia","11":"product_tag-natural","12":"product_tag-natural-shop","13":"product_tag-san-pablo","15":"first","16":"instock","17":"shipping-taxable","18":"purchasable","19":"product-type-simple"},"jetpack_sharing_enabled":true,"_links":{"self":[{"href":"https:\/\/macronaturalsshop.com\/index.php?rest_route=\/wp\/v2\/product\/2333"}],"collection":[{"href":"https:\/\/macronaturalsshop.com\/index.php?rest_route=\/wp\/v2\/product"}],"about":[{"href":"https:\/\/macronaturalsshop.com\/index.php?rest_route=\/wp\/v2\/types\/product"}],"replies":[{"embeddable":true,"href":"https:\/\/macronaturalsshop.com\/index.php?rest_route=%2Fwp%2Fv2%2Fcomments&post=2333"}],"wp:featuredmedia":[{"embeddable":true,"href":"https:\/\/macronaturalsshop.com\/index.php?rest_route=\/wp\/v2\/media\/5294"}],"wp:attachment":[{"href":"https:\/\/macronaturalsshop.com\/index.php?rest_route=%2Fwp%2Fv2%2Fmedia&parent=2333"}],"wp:term":[{"taxonomy":"product_brand","embeddable":true,"href":"https:\/\/macronaturalsshop.com\/index.php?rest_route=%2Fwp%2Fv2%2Fproduct_brand&post=2333"},{"taxonomy":"product_cat","embeddable":true,"href":"https:\/\/macronaturalsshop.com\/index.php?rest_route=%2Fwp%2Fv2%2Fproduct_cat&post=2333"},{"taxonomy":"product_tag","embeddable":true,"href":"https:\/\/macronaturalsshop.com\/index.php?rest_route=%2Fwp%2Fv2%2Fproduct_tag&post=2333"}],"curies":[{"name":"wp","href":"https:\/\/api.w.org\/{rel}","templated":true}]}}