{"id":2361,"date":"2025-08-31T02:00:41","date_gmt":"2025-08-31T02:00:41","guid":{"rendered":"https:\/\/macronaturalsshop.com\/?post_type=product&#038;p=2361"},"modified":"2025-08-31T18:45:40","modified_gmt":"2025-08-31T18:45:40","slug":"lecitina-de-soya-1200mg","status":"publish","type":"product","link":"https:\/\/macronaturalsshop.com\/?product=lecitina-de-soya-1200mg","title":{"rendered":"Lecitina de Soya 1200mg"},"content":{"rendered":"<p>La lecitina De Soya ayuda a reducir el colesterol debido a sus propiedades emulsionantes y  proporciona Colina al organismo, nutriente esencial para el cerebro y m\u00fasculos. Se ha comprobado que muchos deportistas han mejorado su rendimiento tomando Lecitina de soya.<br \/>\nTambi\u00e9n puede ayudar contra los c\u00e1lculos biliares, ya que aumenta la capacidad de la bilis para solubilizar el colesterol, y ayuda a normalizar las bajas proporciones de fosfol\u00edpidos. Por su contenido en f\u00f3sforo es especial para personas que sufren de fatiga mental y f\u00edsica.<\/p>\n","protected":false},"excerpt":{"rendered":"<p>La lecitina de soja es uno de esos suplementos alimenticios cuyas propiedades y beneficios para la salud son m\u00faltiples; regula los l\u00edpidos del organismo, protege la salud cardiovascular, favoreciendo la circulaci\u00f3n de la sangre y previniendo la formaci\u00f3n de co\u00e1gulos, previene la aparici\u00f3n de c\u00e1lculos biliares y estimula la actividad cerebral.<\/p>\n","protected":false},"featured_media":5296,"comment_status":"open","ping_status":"closed","template":"","meta":[],"product_brand":[454],"product_cat":[393],"product_tag":[553,502,500,501,520,503,568],"class_list":{"0":"post-2361","1":"product","2":"type-product","3":"status-publish","4":"has-post-thumbnail","6":"product_brand-alfa","7":"product_cat-energia","8":"product_tag-circulacion","9":"product_tag-heredia","10":"product_tag-macrobiotica","11":"product_tag-natural","12":"product_tag-natural-shop","13":"product_tag-san-pablo","14":"product_tag-vitaminas","16":"first","17":"instock","18":"shipping-taxable","19":"purchasable","20":"product-type-simple"},"jetpack_sharing_enabled":true,"_links":{"self":[{"href":"https:\/\/macronaturalsshop.com\/index.php?rest_route=\/wp\/v2\/product\/2361"}],"collection":[{"href":"https:\/\/macronaturalsshop.com\/index.php?rest_route=\/wp\/v2\/product"}],"about":[{"href":"https:\/\/macronaturalsshop.com\/index.php?rest_route=\/wp\/v2\/types\/product"}],"replies":[{"embeddable":true,"href":"https:\/\/macronaturalsshop.com\/index.php?rest_route=%2Fwp%2Fv2%2Fcomments&post=2361"}],"wp:featuredmedia":[{"embeddable":true,"href":"https:\/\/macronaturalsshop.com\/index.php?rest_route=\/wp\/v2\/media\/5296"}],"wp:attachment":[{"href":"https:\/\/macronaturalsshop.com\/index.php?rest_route=%2Fwp%2Fv2%2Fmedia&parent=2361"}],"wp:term":[{"taxonomy":"product_brand","embeddable":true,"href":"https:\/\/macronaturalsshop.com\/index.php?rest_route=%2Fwp%2Fv2%2Fproduct_brand&post=2361"},{"taxonomy":"product_cat","embeddable":true,"href":"https:\/\/macronaturalsshop.com\/index.php?rest_route=%2Fwp%2Fv2%2Fproduct_cat&post=2361"},{"taxonomy":"product_tag","embeddable":true,"href":"https:\/\/macronaturalsshop.com\/index.php?rest_route=%2Fwp%2Fv2%2Fproduct_tag&post=2361"}],"curies":[{"name":"wp","href":"https:\/\/api.w.org\/{rel}","templated":true}]}}