{"id":2394,"date":"2025-08-17T02:20:28","date_gmt":"2025-08-17T02:20:28","guid":{"rendered":"https:\/\/macronaturalsshop.com\/?post_type=product&#038;p=2394"},"modified":"2025-08-17T19:39:44","modified_gmt":"2025-08-17T19:39:44","slug":"bresol-jarabe-100ml","status":"publish","type":"product","link":"https:\/\/macronaturalsshop.com\/?product=bresol-jarabe-100ml","title":{"rendered":"Bresol Jarabe"},"content":{"rendered":"<p>Los ingredientes naturales en Bresol act\u00faan sin\u00e9rgicamente para proporcionar alivio de los s\u00edntomas de las condiciones al\u00e9rgicas respiratorias. Su propiedad antihistam\u00ednica controla los s\u00edntomas asociados con los trastornos respiratorios. Las propiedades mucol\u00edtica (reducci\u00f3n de la viscosidad del moco) y broncodilatadora (disminuci\u00f3n de la resistencia en las v\u00edas a\u00e9reas de respiraci\u00f3n) de Bresol son \u00fatiles en la licuefacci\u00f3n y el alivio de la congesti\u00f3n nasal y bronquial. Su acci\u00f3n antimicrobiana combate infecciones causadas por bacterias gram-positivas y gran-negativas.<\/p>\n","protected":false},"excerpt":{"rendered":"<p>Combate los trastornos respiratorios<br \/>\nRinitis al\u00e9rgica (congesti\u00f3n nasal)<br \/>\nBronquitis al\u00e9rgica<br \/>\nAsma bronquial<br \/>\nAlergia al polen<\/p>\n","protected":false},"featured_media":2395,"comment_status":"open","ping_status":"closed","template":"","meta":[],"product_brand":[470],"product_cat":[414,415,412],"product_tag":[616,631,502,500,501,520,630,503],"class_list":{"0":"post-2394","1":"product","2":"type-product","3":"status-publish","4":"has-post-thumbnail","6":"product_brand-himalaya","7":"product_cat-alergias","8":"product_cat-sistema-respiratorio","9":"product_cat-tos","10":"product_tag-antialergico","11":"product_tag-asma","12":"product_tag-heredia","13":"product_tag-macrobiotica","14":"product_tag-natural","15":"product_tag-natural-shop","16":"product_tag-rinitis","17":"product_tag-san-pablo","19":"first","20":"instock","21":"shipping-taxable","22":"purchasable","23":"product-type-simple"},"jetpack_sharing_enabled":true,"_links":{"self":[{"href":"https:\/\/macronaturalsshop.com\/index.php?rest_route=\/wp\/v2\/product\/2394"}],"collection":[{"href":"https:\/\/macronaturalsshop.com\/index.php?rest_route=\/wp\/v2\/product"}],"about":[{"href":"https:\/\/macronaturalsshop.com\/index.php?rest_route=\/wp\/v2\/types\/product"}],"replies":[{"embeddable":true,"href":"https:\/\/macronaturalsshop.com\/index.php?rest_route=%2Fwp%2Fv2%2Fcomments&post=2394"}],"wp:featuredmedia":[{"embeddable":true,"href":"https:\/\/macronaturalsshop.com\/index.php?rest_route=\/wp\/v2\/media\/2395"}],"wp:attachment":[{"href":"https:\/\/macronaturalsshop.com\/index.php?rest_route=%2Fwp%2Fv2%2Fmedia&parent=2394"}],"wp:term":[{"taxonomy":"product_brand","embeddable":true,"href":"https:\/\/macronaturalsshop.com\/index.php?rest_route=%2Fwp%2Fv2%2Fproduct_brand&post=2394"},{"taxonomy":"product_cat","embeddable":true,"href":"https:\/\/macronaturalsshop.com\/index.php?rest_route=%2Fwp%2Fv2%2Fproduct_cat&post=2394"},{"taxonomy":"product_tag","embeddable":true,"href":"https:\/\/macronaturalsshop.com\/index.php?rest_route=%2Fwp%2Fv2%2Fproduct_tag&post=2394"}],"curies":[{"name":"wp","href":"https:\/\/api.w.org\/{rel}","templated":true}]}}