{"id":2396,"date":"2025-08-31T02:02:24","date_gmt":"2025-08-31T02:02:24","guid":{"rendered":"https:\/\/macronaturalsshop.com\/?post_type=product&#038;p=2396"},"modified":"2025-08-31T19:21:33","modified_gmt":"2025-08-31T19:21:33","slug":"geriforte-tabletas-100uns","status":"publish","type":"product","link":"https:\/\/macronaturalsshop.com\/?product=geriforte-tabletas-100uns","title":{"rendered":"Geriforte Tabletas"},"content":{"rendered":"<p><strong>Ofrece beneficios como:<\/strong><\/p>\n<ul>\n<li>Reducci\u00f3n del estr\u00e9s f\u00edsico y emocional.<\/li>\n<li>Aumento de energ\u00eda y vitalidad.<\/li>\n<li>Mejora de la funci\u00f3n inmunol\u00f3gica.<\/li>\n<li>Mayor resistencia al cansancio mental.<\/li>\n<li>Soporte para el sistema cardiovascular.<\/li>\n<li>Efecto antienvejecimiento.<\/li>\n<\/ul>\n","protected":false},"excerpt":{"rendered":"<p>Su objetivo principal es revitalizar el cuerpo y fortalecer la respuesta al estr\u00e9s diario.<\/p>\n","protected":false},"featured_media":2397,"comment_status":"open","ping_status":"closed","template":"","meta":[],"product_brand":[470],"product_cat":[404],"product_tag":[530,502,500,501,520,503],"class_list":{"0":"post-2396","1":"product","2":"type-product","3":"status-publish","4":"has-post-thumbnail","6":"product_brand-himalaya","7":"product_cat-ansiedad-y-estres","8":"product_tag-control-de-estres","9":"product_tag-heredia","10":"product_tag-macrobiotica","11":"product_tag-natural","12":"product_tag-natural-shop","13":"product_tag-san-pablo","15":"first","16":"instock","17":"shipping-taxable","18":"purchasable","19":"product-type-simple"},"jetpack_sharing_enabled":true,"_links":{"self":[{"href":"https:\/\/macronaturalsshop.com\/index.php?rest_route=\/wp\/v2\/product\/2396"}],"collection":[{"href":"https:\/\/macronaturalsshop.com\/index.php?rest_route=\/wp\/v2\/product"}],"about":[{"href":"https:\/\/macronaturalsshop.com\/index.php?rest_route=\/wp\/v2\/types\/product"}],"replies":[{"embeddable":true,"href":"https:\/\/macronaturalsshop.com\/index.php?rest_route=%2Fwp%2Fv2%2Fcomments&post=2396"}],"wp:featuredmedia":[{"embeddable":true,"href":"https:\/\/macronaturalsshop.com\/index.php?rest_route=\/wp\/v2\/media\/2397"}],"wp:attachment":[{"href":"https:\/\/macronaturalsshop.com\/index.php?rest_route=%2Fwp%2Fv2%2Fmedia&parent=2396"}],"wp:term":[{"taxonomy":"product_brand","embeddable":true,"href":"https:\/\/macronaturalsshop.com\/index.php?rest_route=%2Fwp%2Fv2%2Fproduct_brand&post=2396"},{"taxonomy":"product_cat","embeddable":true,"href":"https:\/\/macronaturalsshop.com\/index.php?rest_route=%2Fwp%2Fv2%2Fproduct_cat&post=2396"},{"taxonomy":"product_tag","embeddable":true,"href":"https:\/\/macronaturalsshop.com\/index.php?rest_route=%2Fwp%2Fv2%2Fproduct_tag&post=2396"}],"curies":[{"name":"wp","href":"https:\/\/api.w.org\/{rel}","templated":true}]}}