{"id":2398,"date":"2025-08-31T02:15:55","date_gmt":"2025-08-31T02:15:55","guid":{"rendered":"https:\/\/macronaturalsshop.com\/?post_type=product&#038;p=2398"},"modified":"2025-08-31T19:41:57","modified_gmt":"2025-08-31T19:41:57","slug":"caro-a-vitamina-60caps-vegano","status":"publish","type":"product","link":"https:\/\/macronaturalsshop.com\/?product=caro-a-vitamina-60caps-vegano","title":{"rendered":"Caro-A"},"content":{"rendered":"<div class=\"elementor-element elementor-element-0482630 jedv-enabled--yes elementor-widget elementor-widget-heading\" data-id=\"0482630\" data-element_type=\"widget\" data-widget_type=\"heading.default\">\n<div class=\"elementor-widget-container\">\n<h5 class=\"elementor-heading-title elementor-size-default\">BENEFICIOS<\/h5>\n<\/div>\n<\/div>\n<div class=\"elementor-element elementor-element-fe98941 jedv-enabled--yes elementor-widget elementor-widget-text-editor\" data-id=\"fe98941\" data-element_type=\"widget\" data-widget_type=\"text-editor.default\">\n<div class=\"elementor-widget-container\">\n<ul>\n<li>Optimiza las defensas.<\/li>\n<li>Protege las mucosas.<\/li>\n<li>Renueva la piel.<\/li>\n<li>Corrige sequedad de la piel.<\/li>\n<li>Corrige descamaci\u00f3n de la piel.<\/li>\n<li>Favorece la cicatrizaci\u00f3n de heridas.<\/li>\n<li>Mantiene la salud de los huesos.<\/li>\n<li>Favorece la visi\u00f3n.<\/li>\n<li>Mejora la capacidad de retenci\u00f3n.<\/li>\n<li>Mejora la memoria.<\/li>\n<li>Neurot\u00f3nico.<\/li>\n<li>Antiinflamatorio y analg\u00e9sico.<\/li>\n<li>Hepatoprotector, nefroprotector.<\/li>\n<li>Hipolipemiante.<\/li>\n<\/ul>\n<\/div>\n<\/div>\n","protected":false},"excerpt":{"rendered":"<p><strong>Coadyuvante en:<\/strong><\/p>\n<ul>\n<li>Ceguera nocturna.<\/li>\n<li>Psoriasis.<\/li>\n<li>Acn\u00e9.<\/li>\n<li>Resequedad de la piel.<\/li>\n<li>Sequedad de los ojos.<\/li>\n<li>Mantenimiento de cabello, dientes, enc\u00edas y huesos.<\/li>\n<li>C\u00e1lculos renales.<\/li>\n<li>Infecciones recurrentes del tracto urinario.<\/li>\n<li>Diarreas cr\u00f3nicas.<\/li>\n<li>Estados de recuperaci\u00f3n despu\u00e9s de traumas, cirug\u00edas e infecciones graves.<\/li>\n<\/ul>\n","protected":false},"featured_media":5300,"comment_status":"open","ping_status":"closed","template":"","meta":[],"product_brand":[470],"product_cat":[398],"product_tag":[638,615,582,502,563,500,501,520,535,503],"class_list":{"0":"post-2398","1":"product","2":"type-product","3":"status-publish","4":"has-post-thumbnail","6":"product_brand-himalaya","7":"product_cat-vit-y-min","8":"product_tag-analgesico","9":"product_tag-antiinflamatorio","10":"product_tag-cabello","11":"product_tag-heredia","12":"product_tag-huesos","13":"product_tag-macrobiotica","14":"product_tag-natural","15":"product_tag-natural-shop","16":"product_tag-relajante","17":"product_tag-san-pablo","19":"first","20":"instock","21":"shipping-taxable","22":"purchasable","23":"product-type-simple"},"jetpack_sharing_enabled":true,"_links":{"self":[{"href":"https:\/\/macronaturalsshop.com\/index.php?rest_route=\/wp\/v2\/product\/2398"}],"collection":[{"href":"https:\/\/macronaturalsshop.com\/index.php?rest_route=\/wp\/v2\/product"}],"about":[{"href":"https:\/\/macronaturalsshop.com\/index.php?rest_route=\/wp\/v2\/types\/product"}],"replies":[{"embeddable":true,"href":"https:\/\/macronaturalsshop.com\/index.php?rest_route=%2Fwp%2Fv2%2Fcomments&post=2398"}],"wp:featuredmedia":[{"embeddable":true,"href":"https:\/\/macronaturalsshop.com\/index.php?rest_route=\/wp\/v2\/media\/5300"}],"wp:attachment":[{"href":"https:\/\/macronaturalsshop.com\/index.php?rest_route=%2Fwp%2Fv2%2Fmedia&parent=2398"}],"wp:term":[{"taxonomy":"product_brand","embeddable":true,"href":"https:\/\/macronaturalsshop.com\/index.php?rest_route=%2Fwp%2Fv2%2Fproduct_brand&post=2398"},{"taxonomy":"product_cat","embeddable":true,"href":"https:\/\/macronaturalsshop.com\/index.php?rest_route=%2Fwp%2Fv2%2Fproduct_cat&post=2398"},{"taxonomy":"product_tag","embeddable":true,"href":"https:\/\/macronaturalsshop.com\/index.php?rest_route=%2Fwp%2Fv2%2Fproduct_tag&post=2398"}],"curies":[{"name":"wp","href":"https:\/\/api.w.org\/{rel}","templated":true}]}}