{"id":2402,"date":"2025-08-17T05:00:19","date_gmt":"2025-08-17T05:00:19","guid":{"rendered":"https:\/\/macronaturalsshop.com\/?post_type=product&#038;p=2402"},"modified":"2025-08-18T00:57:59","modified_gmt":"2025-08-18T00:57:59","slug":"cogni-norm-30-caps","status":"publish","type":"product","link":"https:\/\/macronaturalsshop.com\/?product=cogni-norm-30-caps","title":{"rendered":"Cogni Norm"},"content":{"rendered":"<ul>\n<li>Encefalopat\u00eda discirculatoria.<\/li>\n<li>Epilepsia.<\/li>\n<li>Estr\u00e9s.<\/li>\n<li>Mal de Alzheimer.<\/li>\n<li>Situaciones psicotraum\u00e1ticas cr\u00f3nicas y agudas.<\/li>\n<\/ul>\n","protected":false},"excerpt":{"rendered":"<p>Coadyuvante en problemas de falta de atenci\u00f3n y d\u00e9ficit de concentraci\u00f3n.<\/p>\n","protected":false},"featured_media":5131,"comment_status":"open","ping_status":"closed","template":"","meta":[],"product_brand":[470],"product_cat":[404],"product_tag":[530,502,500,501,520,503],"class_list":{"0":"post-2402","1":"product","2":"type-product","3":"status-publish","4":"has-post-thumbnail","6":"product_brand-himalaya","7":"product_cat-ansiedad-y-estres","8":"product_tag-control-de-estres","9":"product_tag-heredia","10":"product_tag-macrobiotica","11":"product_tag-natural","12":"product_tag-natural-shop","13":"product_tag-san-pablo","15":"first","16":"instock","17":"shipping-taxable","18":"purchasable","19":"product-type-simple"},"jetpack_sharing_enabled":true,"_links":{"self":[{"href":"https:\/\/macronaturalsshop.com\/index.php?rest_route=\/wp\/v2\/product\/2402"}],"collection":[{"href":"https:\/\/macronaturalsshop.com\/index.php?rest_route=\/wp\/v2\/product"}],"about":[{"href":"https:\/\/macronaturalsshop.com\/index.php?rest_route=\/wp\/v2\/types\/product"}],"replies":[{"embeddable":true,"href":"https:\/\/macronaturalsshop.com\/index.php?rest_route=%2Fwp%2Fv2%2Fcomments&post=2402"}],"wp:featuredmedia":[{"embeddable":true,"href":"https:\/\/macronaturalsshop.com\/index.php?rest_route=\/wp\/v2\/media\/5131"}],"wp:attachment":[{"href":"https:\/\/macronaturalsshop.com\/index.php?rest_route=%2Fwp%2Fv2%2Fmedia&parent=2402"}],"wp:term":[{"taxonomy":"product_brand","embeddable":true,"href":"https:\/\/macronaturalsshop.com\/index.php?rest_route=%2Fwp%2Fv2%2Fproduct_brand&post=2402"},{"taxonomy":"product_cat","embeddable":true,"href":"https:\/\/macronaturalsshop.com\/index.php?rest_route=%2Fwp%2Fv2%2Fproduct_cat&post=2402"},{"taxonomy":"product_tag","embeddable":true,"href":"https:\/\/macronaturalsshop.com\/index.php?rest_route=%2Fwp%2Fv2%2Fproduct_tag&post=2402"}],"curies":[{"name":"wp","href":"https:\/\/api.w.org\/{rel}","templated":true}]}}