{"id":2425,"date":"2025-08-31T02:50:38","date_gmt":"2025-08-31T02:50:38","guid":{"rendered":"https:\/\/macronaturalsshop.com\/?post_type=product&#038;p=2425"},"modified":"2025-08-31T20:26:50","modified_gmt":"2025-08-31T20:26:50","slug":"cellblock-45-comprimidos-2","status":"publish","type":"product","link":"https:\/\/macronaturalsshop.com\/?product=cellblock-45-comprimidos-2","title":{"rendered":"CellBlock con Stevol"},"content":{"rendered":"<p>Cellblock es un complemento alimenticio formulado con ingredientes seleccionados de caf\u00e9 verde, t\u00e9 verde, pi\u00f1a, fumaria, diente de le\u00f3n y ar\u00e1ndano. Adem\u00e1s, incorpora Vitamina A y minerales como el Zinc, el Cobre y el Manganeso. De todos los ingredientes presentes en su composici\u00f3n, merece una menci\u00f3n especial el caf\u00e9 verde, que proviene de un extracto avalado por estudios cl\u00ednicos llamado Svetol<sup>\u00ae<\/sup>. Este extracto se caracteriza por una alta concentraci\u00f3n de \u00e1cido clorog\u00e9nico, que lo hace \u00fanico y especial.<\/p>\n","protected":false},"excerpt":{"rendered":"<p>Drasanvi CellBlock es un complemento alimenticio especialmente indicado para combatir la grasa localizada y la celulitis. Contiene en su composici\u00f3n pi\u00f1a, fumaria, diente de le\u00f3n, centella asi\u00e1tica, ar\u00e1ndanos, t\u00e9 verde y svetol.<\/p>\n","protected":false},"featured_media":2426,"comment_status":"open","ping_status":"closed","template":"","meta":[],"product_brand":[463],"product_cat":[388],"product_tag":[502,500,501,520,503],"class_list":{"0":"post-2425","1":"product","2":"type-product","3":"status-publish","4":"has-post-thumbnail","6":"product_brand-drasanvi","7":"product_cat-control-de-peso","8":"product_tag-heredia","9":"product_tag-macrobiotica","10":"product_tag-natural","11":"product_tag-natural-shop","12":"product_tag-san-pablo","14":"first","15":"instock","16":"shipping-taxable","17":"purchasable","18":"product-type-simple"},"jetpack_sharing_enabled":true,"_links":{"self":[{"href":"https:\/\/macronaturalsshop.com\/index.php?rest_route=\/wp\/v2\/product\/2425"}],"collection":[{"href":"https:\/\/macronaturalsshop.com\/index.php?rest_route=\/wp\/v2\/product"}],"about":[{"href":"https:\/\/macronaturalsshop.com\/index.php?rest_route=\/wp\/v2\/types\/product"}],"replies":[{"embeddable":true,"href":"https:\/\/macronaturalsshop.com\/index.php?rest_route=%2Fwp%2Fv2%2Fcomments&post=2425"}],"wp:featuredmedia":[{"embeddable":true,"href":"https:\/\/macronaturalsshop.com\/index.php?rest_route=\/wp\/v2\/media\/2426"}],"wp:attachment":[{"href":"https:\/\/macronaturalsshop.com\/index.php?rest_route=%2Fwp%2Fv2%2Fmedia&parent=2425"}],"wp:term":[{"taxonomy":"product_brand","embeddable":true,"href":"https:\/\/macronaturalsshop.com\/index.php?rest_route=%2Fwp%2Fv2%2Fproduct_brand&post=2425"},{"taxonomy":"product_cat","embeddable":true,"href":"https:\/\/macronaturalsshop.com\/index.php?rest_route=%2Fwp%2Fv2%2Fproduct_cat&post=2425"},{"taxonomy":"product_tag","embeddable":true,"href":"https:\/\/macronaturalsshop.com\/index.php?rest_route=%2Fwp%2Fv2%2Fproduct_tag&post=2425"}],"curies":[{"name":"wp","href":"https:\/\/api.w.org\/{rel}","templated":true}]}}