{"id":2433,"date":"2025-08-31T07:00:01","date_gmt":"2025-08-31T07:00:01","guid":{"rendered":"https:\/\/macronaturalsshop.com\/?post_type=product&#038;p=2433"},"modified":"2025-08-31T23:12:00","modified_gmt":"2025-08-31T23:12:00","slug":"collmar-magnesio-curcuma-sabor-limon-350g","status":"publish","type":"product","link":"https:\/\/macronaturalsshop.com\/?product=collmar-magnesio-curcuma-sabor-limon-350g","title":{"rendered":"Collmar Magnesio C\u00farcuma Lim\u00f3n 300g"},"content":{"rendered":"<ul>\n<li class=\"lazyloaded\"><strong>Prote\u00ednas:<\/strong>\u00a0Las prote\u00ednas contribuyen aumentar la masa muscular<\/li>\n<li class=\"lazyloaded\"><strong>Vitamina C:<\/strong>La vitamina C contribuye a la formaci\u00f3n normal del Col\u00e1geno para el funcionamiento normal de cart\u00edlagos, huesos y piel<\/li>\n<li class=\"lazyloaded\"><strong>Magnesio:<\/strong>\u00a0Contribuye a la s\u00edntesis proteica normal<\/li>\n<\/ul>\n","protected":false},"excerpt":{"rendered":"<p>Collmar\u00ae es un complemento alimenticio a base de Col\u00e1geno Marino, enriquecido con vitamina C y Magnesio. La combinaci\u00f3n de estos ingredientes permite una acci\u00f3n sin\u00e9rgica que mejora los resultados, convirti\u00e9ndolo en un excelente producto para optimizar la s\u00edntesis de prote\u00ednas.<\/p>\n","protected":false},"featured_media":5303,"comment_status":"open","ping_status":"closed","template":"","meta":[],"product_brand":[463],"product_cat":[389,393],"product_tag":[559,502,500,501,520,503],"class_list":{"0":"post-2433","1":"product","2":"type-product","3":"status-publish","4":"has-post-thumbnail","6":"product_brand-drasanvi","7":"product_cat-colageno","8":"product_cat-energia","9":"product_tag-colageno","10":"product_tag-heredia","11":"product_tag-macrobiotica","12":"product_tag-natural","13":"product_tag-natural-shop","14":"product_tag-san-pablo","16":"first","17":"instock","18":"shipping-taxable","19":"purchasable","20":"product-type-simple"},"jetpack_sharing_enabled":true,"_links":{"self":[{"href":"https:\/\/macronaturalsshop.com\/index.php?rest_route=\/wp\/v2\/product\/2433"}],"collection":[{"href":"https:\/\/macronaturalsshop.com\/index.php?rest_route=\/wp\/v2\/product"}],"about":[{"href":"https:\/\/macronaturalsshop.com\/index.php?rest_route=\/wp\/v2\/types\/product"}],"replies":[{"embeddable":true,"href":"https:\/\/macronaturalsshop.com\/index.php?rest_route=%2Fwp%2Fv2%2Fcomments&post=2433"}],"wp:featuredmedia":[{"embeddable":true,"href":"https:\/\/macronaturalsshop.com\/index.php?rest_route=\/wp\/v2\/media\/5303"}],"wp:attachment":[{"href":"https:\/\/macronaturalsshop.com\/index.php?rest_route=%2Fwp%2Fv2%2Fmedia&parent=2433"}],"wp:term":[{"taxonomy":"product_brand","embeddable":true,"href":"https:\/\/macronaturalsshop.com\/index.php?rest_route=%2Fwp%2Fv2%2Fproduct_brand&post=2433"},{"taxonomy":"product_cat","embeddable":true,"href":"https:\/\/macronaturalsshop.com\/index.php?rest_route=%2Fwp%2Fv2%2Fproduct_cat&post=2433"},{"taxonomy":"product_tag","embeddable":true,"href":"https:\/\/macronaturalsshop.com\/index.php?rest_route=%2Fwp%2Fv2%2Fproduct_tag&post=2433"}],"curies":[{"name":"wp","href":"https:\/\/api.w.org\/{rel}","templated":true}]}}