{"id":2447,"date":"2025-08-31T07:02:00","date_gmt":"2025-08-31T07:02:00","guid":{"rendered":"https:\/\/macronaturalsshop.com\/?post_type=product&#038;p=2447"},"modified":"2025-08-31T23:21:22","modified_gmt":"2025-08-31T23:21:22","slug":"proteina-de-guisante-bio-200-g-doypack-superalimentos-drasanvi","status":"publish","type":"product","link":"https:\/\/macronaturalsshop.com\/?product=proteina-de-guisante-bio-200-g-doypack-superalimentos-drasanvi","title":{"rendered":"Prote\u00edna de Guisante Bio 200g Doypack"},"content":{"rendered":"<p>El guisante proviene de Oriente donde se cultiva y se consume habitualmente desde hace m\u00e1s de 8.000 a\u00f1os.La prote\u00edna de guisante de Drasanvi es un ingrediente concentrado de origen ecol\u00f3gico, sabor neutro y excelente calidad,\u00a0 que se convierte en una interesante opci\u00f3n como aporte de prote\u00ednas extra a una dieta sana y saludable. La prote\u00edna de guisante es de f\u00e1cil digesti\u00f3n y rica en amino\u00e1cidos esenciales.<\/p>\n","protected":false},"excerpt":{"rendered":"<p>La prote\u00edna de guisante es de f\u00e1cil digesti\u00f3n y rica en amino\u00e1cidos esenciales.<\/p>\n","protected":false},"featured_media":2448,"comment_status":"open","ping_status":"closed","template":"","meta":[],"product_brand":[463],"product_cat":[396,393],"product_tag":[541,502,500,501,520,503,568],"class_list":{"0":"post-2447","1":"product","2":"type-product","3":"status-publish","4":"has-post-thumbnail","6":"product_brand-drasanvi","7":"product_cat-sistema-digestivo","8":"product_cat-energia","9":"product_tag-digestion","10":"product_tag-heredia","11":"product_tag-macrobiotica","12":"product_tag-natural","13":"product_tag-natural-shop","14":"product_tag-san-pablo","15":"product_tag-vitaminas","17":"first","18":"instock","19":"shipping-taxable","20":"purchasable","21":"product-type-simple"},"jetpack_sharing_enabled":true,"_links":{"self":[{"href":"https:\/\/macronaturalsshop.com\/index.php?rest_route=\/wp\/v2\/product\/2447"}],"collection":[{"href":"https:\/\/macronaturalsshop.com\/index.php?rest_route=\/wp\/v2\/product"}],"about":[{"href":"https:\/\/macronaturalsshop.com\/index.php?rest_route=\/wp\/v2\/types\/product"}],"replies":[{"embeddable":true,"href":"https:\/\/macronaturalsshop.com\/index.php?rest_route=%2Fwp%2Fv2%2Fcomments&post=2447"}],"wp:featuredmedia":[{"embeddable":true,"href":"https:\/\/macronaturalsshop.com\/index.php?rest_route=\/wp\/v2\/media\/2448"}],"wp:attachment":[{"href":"https:\/\/macronaturalsshop.com\/index.php?rest_route=%2Fwp%2Fv2%2Fmedia&parent=2447"}],"wp:term":[{"taxonomy":"product_brand","embeddable":true,"href":"https:\/\/macronaturalsshop.com\/index.php?rest_route=%2Fwp%2Fv2%2Fproduct_brand&post=2447"},{"taxonomy":"product_cat","embeddable":true,"href":"https:\/\/macronaturalsshop.com\/index.php?rest_route=%2Fwp%2Fv2%2Fproduct_cat&post=2447"},{"taxonomy":"product_tag","embeddable":true,"href":"https:\/\/macronaturalsshop.com\/index.php?rest_route=%2Fwp%2Fv2%2Fproduct_tag&post=2447"}],"curies":[{"name":"wp","href":"https:\/\/api.w.org\/{rel}","templated":true}]}}