{"id":2455,"date":"2025-08-31T07:05:21","date_gmt":"2025-08-31T07:05:21","guid":{"rendered":"https:\/\/macronaturalsshop.com\/?post_type=product&#038;p=2455"},"modified":"2025-08-31T23:24:56","modified_gmt":"2025-08-31T23:24:56","slug":"xplendor-capilar-24-capsulas-drasanvi","status":"publish","type":"product","link":"https:\/\/macronaturalsshop.com\/?product=xplendor-capilar-24-capsulas-drasanvi","title":{"rendered":"Xplendor Capilar 24cap"},"content":{"rendered":"<p>Xplendor es un complemento alimenticio rico en Vitaminas (13 vitaminas con el 100% de la Cantidad Diaria Recomendada), minerales (4 minerales con el 100% de la Cantidad Diaria Recomendada), amino\u00e1cidos y extractos vegetales ricos en principios activos y \u00e1cidos grasos. Su f\u00f3rmula contribuye al mantenimiento del cabello y su pigmentaci\u00f3n en condiciones normales. Tambi\u00e9n aporta nutrientes importantes para el mantenimiento de la piel en condiciones normales.<\/p>\n","protected":false},"excerpt":{"rendered":"<p>Su f\u00f3rmula contribuye al mantenimiento del cabello y su pigmentaci\u00f3n en condiciones normales.<\/p>\n","protected":false},"featured_media":5306,"comment_status":"open","ping_status":"closed","template":"","meta":[],"product_brand":[463],"product_cat":[408],"product_tag":[582,502,500,501,520,503],"class_list":{"0":"post-2455","1":"product","2":"type-product","3":"status-publish","4":"has-post-thumbnail","6":"product_brand-drasanvi","7":"product_cat-cuidado-personal","8":"product_tag-cabello","9":"product_tag-heredia","10":"product_tag-macrobiotica","11":"product_tag-natural","12":"product_tag-natural-shop","13":"product_tag-san-pablo","15":"first","16":"instock","17":"shipping-taxable","18":"purchasable","19":"product-type-simple"},"jetpack_sharing_enabled":true,"_links":{"self":[{"href":"https:\/\/macronaturalsshop.com\/index.php?rest_route=\/wp\/v2\/product\/2455"}],"collection":[{"href":"https:\/\/macronaturalsshop.com\/index.php?rest_route=\/wp\/v2\/product"}],"about":[{"href":"https:\/\/macronaturalsshop.com\/index.php?rest_route=\/wp\/v2\/types\/product"}],"replies":[{"embeddable":true,"href":"https:\/\/macronaturalsshop.com\/index.php?rest_route=%2Fwp%2Fv2%2Fcomments&post=2455"}],"wp:featuredmedia":[{"embeddable":true,"href":"https:\/\/macronaturalsshop.com\/index.php?rest_route=\/wp\/v2\/media\/5306"}],"wp:attachment":[{"href":"https:\/\/macronaturalsshop.com\/index.php?rest_route=%2Fwp%2Fv2%2Fmedia&parent=2455"}],"wp:term":[{"taxonomy":"product_brand","embeddable":true,"href":"https:\/\/macronaturalsshop.com\/index.php?rest_route=%2Fwp%2Fv2%2Fproduct_brand&post=2455"},{"taxonomy":"product_cat","embeddable":true,"href":"https:\/\/macronaturalsshop.com\/index.php?rest_route=%2Fwp%2Fv2%2Fproduct_cat&post=2455"},{"taxonomy":"product_tag","embeddable":true,"href":"https:\/\/macronaturalsshop.com\/index.php?rest_route=%2Fwp%2Fv2%2Fproduct_tag&post=2455"}],"curies":[{"name":"wp","href":"https:\/\/api.w.org\/{rel}","templated":true}]}}