{"id":2460,"date":"2025-08-14T01:05:06","date_gmt":"2025-08-14T01:05:06","guid":{"rendered":"https:\/\/macronaturalsshop.com\/?post_type=product&#038;p=2460"},"modified":"2025-08-15T04:15:10","modified_gmt":"2025-08-15T04:15:10","slug":"eritritol-bio-500-g-keto-drasanvi","status":"publish","type":"product","link":"https:\/\/macronaturalsshop.com\/?product=eritritol-bio-500-g-keto-drasanvi","title":{"rendered":"Eritritol Bio 500 g Keto"},"content":{"rendered":"<p>El Eritritol no aporta energ\u00eda al organismo porque no se metaboliza, con lo cual, nuestro tracto intestinal no lo puede absorber y es eliminado. De sabor fresco, y con un poder edulcorante ligeramente inferior al de la az\u00facar blanca, se ha convertido en una de las alternativas saludables a nuestros platos y recetas dulces.  Adem\u00e1s, por sus propiedades se puede usar en la elaboraci\u00f3n de recetas horneables.<\/p>\n","protected":false},"excerpt":{"rendered":"<p>El Eritritol es un edulcorante natural, es decir, es extra\u00eddo  de una fuente natural. Se trata de un edulcorante bajo en calor\u00edas y recomendado para diab\u00e9ticos. Adem\u00e1s posee certificado ecol\u00f3gico, cumpliendo las caracter\u00edsticas de los consumidores m\u00e1s exigentes.<\/p>\n","protected":false},"featured_media":2461,"comment_status":"open","ping_status":"closed","template":"","meta":[],"product_brand":[463],"product_cat":[420],"product_tag":[611,502,610,500,501,520,503],"class_list":{"0":"post-2460","1":"product","2":"type-product","3":"status-publish","4":"has-post-thumbnail","6":"product_brand-drasanvi","7":"product_cat-keto","8":"product_tag-eritritol","9":"product_tag-heredia","10":"product_tag-keto","11":"product_tag-macrobiotica","12":"product_tag-natural","13":"product_tag-natural-shop","14":"product_tag-san-pablo","16":"first","17":"instock","18":"shipping-taxable","19":"purchasable","20":"product-type-simple"},"jetpack_sharing_enabled":true,"_links":{"self":[{"href":"https:\/\/macronaturalsshop.com\/index.php?rest_route=\/wp\/v2\/product\/2460"}],"collection":[{"href":"https:\/\/macronaturalsshop.com\/index.php?rest_route=\/wp\/v2\/product"}],"about":[{"href":"https:\/\/macronaturalsshop.com\/index.php?rest_route=\/wp\/v2\/types\/product"}],"replies":[{"embeddable":true,"href":"https:\/\/macronaturalsshop.com\/index.php?rest_route=%2Fwp%2Fv2%2Fcomments&post=2460"}],"wp:featuredmedia":[{"embeddable":true,"href":"https:\/\/macronaturalsshop.com\/index.php?rest_route=\/wp\/v2\/media\/2461"}],"wp:attachment":[{"href":"https:\/\/macronaturalsshop.com\/index.php?rest_route=%2Fwp%2Fv2%2Fmedia&parent=2460"}],"wp:term":[{"taxonomy":"product_brand","embeddable":true,"href":"https:\/\/macronaturalsshop.com\/index.php?rest_route=%2Fwp%2Fv2%2Fproduct_brand&post=2460"},{"taxonomy":"product_cat","embeddable":true,"href":"https:\/\/macronaturalsshop.com\/index.php?rest_route=%2Fwp%2Fv2%2Fproduct_cat&post=2460"},{"taxonomy":"product_tag","embeddable":true,"href":"https:\/\/macronaturalsshop.com\/index.php?rest_route=%2Fwp%2Fv2%2Fproduct_tag&post=2460"}],"curies":[{"name":"wp","href":"https:\/\/api.w.org\/{rel}","templated":true}]}}