{"id":2462,"date":"2025-08-31T07:15:44","date_gmt":"2025-08-31T07:15:44","guid":{"rendered":"https:\/\/macronaturalsshop.com\/?post_type=product&#038;p=2462"},"modified":"2025-08-31T23:35:19","modified_gmt":"2025-08-31T23:35:19","slug":"flavogen-bifase-i-60-capsulas-drasanvi","status":"publish","type":"product","link":"https:\/\/macronaturalsshop.com\/?product=flavogen-bifase-i-60-capsulas-drasanvi","title":{"rendered":"Flavogen Bifase I noche\/d\u00eda"},"content":{"rendered":"<p>Flavogen Bifase I ayuda a regular la actividad hormonal. Flavogen<sup>\u00ae<\/sup>\u00a0Bifase es un complemento alimenticio innovador. Se trata de dos productos en uno: c\u00e1psulas de d\u00eda (color de rosa), que ayudan a disminuir el cansancio y la fatiga; y c\u00e1psulas de noche (color azul), que contribuyen a un mejor descanso. Se trata de un producto libre de soja, que aporta fitoestr\u00f3genos que proceden del l\u00fapulo (8-Prenilnaringenina), complementando su acci\u00f3n con otros ingredientes como la Maca, el Espino blanco, la Pasiflora y Vitaminas B6, A y D.<\/p>\n","protected":false},"excerpt":{"rendered":"<p>Se trata de un producto libre de soja, que aporta fitoestr\u00f3genos que proceden del l\u00fapulo (8-Prenilnaringenina), complementando su acci\u00f3n con otros ingredientes como la Maca, el Espino blanco, la Pasiflora y Vitaminas B6, A y D.<\/p>\n","protected":false},"featured_media":2463,"comment_status":"open","ping_status":"closed","template":"","meta":[],"product_brand":[463],"product_cat":[439],"product_tag":[502,500,520,503,568],"class_list":{"0":"post-2462","1":"product","2":"type-product","3":"status-publish","4":"has-post-thumbnail","6":"product_brand-drasanvi","7":"product_cat-hormonal-mujer","8":"product_tag-heredia","9":"product_tag-macrobiotica","10":"product_tag-natural-shop","11":"product_tag-san-pablo","12":"product_tag-vitaminas","14":"first","15":"instock","16":"shipping-taxable","17":"purchasable","18":"product-type-simple"},"jetpack_sharing_enabled":true,"_links":{"self":[{"href":"https:\/\/macronaturalsshop.com\/index.php?rest_route=\/wp\/v2\/product\/2462"}],"collection":[{"href":"https:\/\/macronaturalsshop.com\/index.php?rest_route=\/wp\/v2\/product"}],"about":[{"href":"https:\/\/macronaturalsshop.com\/index.php?rest_route=\/wp\/v2\/types\/product"}],"replies":[{"embeddable":true,"href":"https:\/\/macronaturalsshop.com\/index.php?rest_route=%2Fwp%2Fv2%2Fcomments&post=2462"}],"wp:featuredmedia":[{"embeddable":true,"href":"https:\/\/macronaturalsshop.com\/index.php?rest_route=\/wp\/v2\/media\/2463"}],"wp:attachment":[{"href":"https:\/\/macronaturalsshop.com\/index.php?rest_route=%2Fwp%2Fv2%2Fmedia&parent=2462"}],"wp:term":[{"taxonomy":"product_brand","embeddable":true,"href":"https:\/\/macronaturalsshop.com\/index.php?rest_route=%2Fwp%2Fv2%2Fproduct_brand&post=2462"},{"taxonomy":"product_cat","embeddable":true,"href":"https:\/\/macronaturalsshop.com\/index.php?rest_route=%2Fwp%2Fv2%2Fproduct_cat&post=2462"},{"taxonomy":"product_tag","embeddable":true,"href":"https:\/\/macronaturalsshop.com\/index.php?rest_route=%2Fwp%2Fv2%2Fproduct_tag&post=2462"}],"curies":[{"name":"wp","href":"https:\/\/api.w.org\/{rel}","templated":true}]}}