{"id":2467,"date":"2025-08-31T07:20:00","date_gmt":"2025-08-31T07:20:00","guid":{"rendered":"https:\/\/macronaturalsshop.com\/?post_type=product&#038;p=2467"},"modified":"2025-08-31T23:38:53","modified_gmt":"2025-08-31T23:38:53","slug":"jengibre-30-capsulas-nutrabasics-drasanvi","status":"publish","type":"product","link":"https:\/\/macronaturalsshop.com\/?product=jengibre-30-capsulas-nutrabasics-drasanvi","title":{"rendered":"Jengibre Nutrabasics"},"content":{"rendered":"<p>El Jengibre es una planta subterr\u00e1nea cultivada en muchos pa\u00edses subtropicales. Posee un fuerte olor arom\u00e1tico con numerosas propiedades:<\/p>\n<ul>\n<li>Apoya el sistema inmunitario.<\/li>\n<li>Ayuda a evitar la sensaci\u00f3n de mareo y v\u00f3mitos en viajes.<\/li>\n<li>Contribuye al normal funcionamiento del tracto intestinal.<\/li>\n<li>\u00datil en caso de fatiga.<\/li>\n<\/ul>\n","protected":false},"excerpt":{"rendered":"<p>Apoya el sistema inmunitario.<br \/>\nAyuda a evitar la sensaci\u00f3n de mareo y v\u00f3mitos en viajes.<br \/>\nContribuye al normal funcionamiento del tracto intestinal.<br \/>\n\u00datil en caso de fatiga.<\/p>\n","protected":false},"featured_media":2468,"comment_status":"open","ping_status":"closed","template":"","meta":[],"product_brand":[463],"product_cat":[396,379],"product_tag":[613,502,500,520,503],"class_list":{"0":"post-2467","1":"product","2":"type-product","3":"status-publish","4":"has-post-thumbnail","6":"product_brand-drasanvi","7":"product_cat-sistema-digestivo","8":"product_cat-sistema-inmunologico","9":"product_tag-fatiga","10":"product_tag-heredia","11":"product_tag-macrobiotica","12":"product_tag-natural-shop","13":"product_tag-san-pablo","15":"first","16":"instock","17":"shipping-taxable","18":"purchasable","19":"product-type-simple"},"jetpack_sharing_enabled":true,"_links":{"self":[{"href":"https:\/\/macronaturalsshop.com\/index.php?rest_route=\/wp\/v2\/product\/2467"}],"collection":[{"href":"https:\/\/macronaturalsshop.com\/index.php?rest_route=\/wp\/v2\/product"}],"about":[{"href":"https:\/\/macronaturalsshop.com\/index.php?rest_route=\/wp\/v2\/types\/product"}],"replies":[{"embeddable":true,"href":"https:\/\/macronaturalsshop.com\/index.php?rest_route=%2Fwp%2Fv2%2Fcomments&post=2467"}],"wp:featuredmedia":[{"embeddable":true,"href":"https:\/\/macronaturalsshop.com\/index.php?rest_route=\/wp\/v2\/media\/2468"}],"wp:attachment":[{"href":"https:\/\/macronaturalsshop.com\/index.php?rest_route=%2Fwp%2Fv2%2Fmedia&parent=2467"}],"wp:term":[{"taxonomy":"product_brand","embeddable":true,"href":"https:\/\/macronaturalsshop.com\/index.php?rest_route=%2Fwp%2Fv2%2Fproduct_brand&post=2467"},{"taxonomy":"product_cat","embeddable":true,"href":"https:\/\/macronaturalsshop.com\/index.php?rest_route=%2Fwp%2Fv2%2Fproduct_cat&post=2467"},{"taxonomy":"product_tag","embeddable":true,"href":"https:\/\/macronaturalsshop.com\/index.php?rest_route=%2Fwp%2Fv2%2Fproduct_tag&post=2467"}],"curies":[{"name":"wp","href":"https:\/\/api.w.org\/{rel}","templated":true}]}}