{"id":2470,"date":"2025-08-31T07:25:33","date_gmt":"2025-08-31T07:25:33","guid":{"rendered":"https:\/\/macronaturalsshop.com\/?post_type=product&#038;p=2470"},"modified":"2025-08-31T23:42:49","modified_gmt":"2025-08-31T23:42:49","slug":"grass-3qm-45-comprimidos-drasanvi","status":"publish","type":"product","link":"https:\/\/macronaturalsshop.com\/?product=grass-3qm-45-comprimidos-drasanvi","title":{"rendered":"Grass 3QM 45comp"},"content":{"rendered":"<p>Grass 3QM es un complemento alimenticio que, gracias a la presencia de Cromo, contribuye al metabolismo de los macronutrientes. Entre sus ingredientes cabe destacar la Garcinia Cambogia, L-Carnitina y Chitosan. La Garcinia, tambi\u00e9n conocida como Tamarindo malabar, es un arbusto que crece en el sur de la India y est\u00e1 caracterizado por su alto aporte en un principio activo llamado \u00c1cido Hidroxic\u00edtrico.<\/p>\n","protected":false},"excerpt":{"rendered":"<p>Grass 3QM es un complemento alimenticio que, gracias a la presencia de Cromo, contribuye al metabolismo de los macronutrientes.<\/p>\n","protected":false},"featured_media":2471,"comment_status":"open","ping_status":"closed","template":"","meta":[],"product_brand":[463],"product_cat":[388,393],"product_tag":[502,500,501,520,503],"class_list":{"0":"post-2470","1":"product","2":"type-product","3":"status-publish","4":"has-post-thumbnail","6":"product_brand-drasanvi","7":"product_cat-control-de-peso","8":"product_cat-energia","9":"product_tag-heredia","10":"product_tag-macrobiotica","11":"product_tag-natural","12":"product_tag-natural-shop","13":"product_tag-san-pablo","15":"first","16":"instock","17":"shipping-taxable","18":"purchasable","19":"product-type-simple"},"jetpack_sharing_enabled":true,"_links":{"self":[{"href":"https:\/\/macronaturalsshop.com\/index.php?rest_route=\/wp\/v2\/product\/2470"}],"collection":[{"href":"https:\/\/macronaturalsshop.com\/index.php?rest_route=\/wp\/v2\/product"}],"about":[{"href":"https:\/\/macronaturalsshop.com\/index.php?rest_route=\/wp\/v2\/types\/product"}],"replies":[{"embeddable":true,"href":"https:\/\/macronaturalsshop.com\/index.php?rest_route=%2Fwp%2Fv2%2Fcomments&post=2470"}],"wp:featuredmedia":[{"embeddable":true,"href":"https:\/\/macronaturalsshop.com\/index.php?rest_route=\/wp\/v2\/media\/2471"}],"wp:attachment":[{"href":"https:\/\/macronaturalsshop.com\/index.php?rest_route=%2Fwp%2Fv2%2Fmedia&parent=2470"}],"wp:term":[{"taxonomy":"product_brand","embeddable":true,"href":"https:\/\/macronaturalsshop.com\/index.php?rest_route=%2Fwp%2Fv2%2Fproduct_brand&post=2470"},{"taxonomy":"product_cat","embeddable":true,"href":"https:\/\/macronaturalsshop.com\/index.php?rest_route=%2Fwp%2Fv2%2Fproduct_cat&post=2470"},{"taxonomy":"product_tag","embeddable":true,"href":"https:\/\/macronaturalsshop.com\/index.php?rest_route=%2Fwp%2Fv2%2Fproduct_tag&post=2470"}],"curies":[{"name":"wp","href":"https:\/\/api.w.org\/{rel}","templated":true}]}}