{"id":2480,"date":"2025-08-31T07:50:45","date_gmt":"2025-08-31T07:50:45","guid":{"rendered":"https:\/\/macronaturalsshop.com\/?post_type=product&#038;p=2480"},"modified":"2025-09-01T00:05:02","modified_gmt":"2025-09-01T00:05:02","slug":"green-life-500-ml-b-life-drasanvi","status":"publish","type":"product","link":"https:\/\/macronaturalsshop.com\/?product=green-life-500-ml-b-life-drasanvi","title":{"rendered":"Green Life 500 ml B-Life"},"content":{"rendered":"<p>El c\u00famulo de toxinas en el organismo es el responsable de numerosos efectos indeseables. Un correcto funcionamiento del h\u00edgado, el \u00f3rgano detoxificante por excelencia, ayuda a mantener el cuerpo limpio. Nuestro concentrado verde combina a la perfecci\u00f3n numerosos ingredientes interesantes para la salud hep\u00e1tica y su acci\u00f3n detoxificante. La utilizaci\u00f3n de extractos vegetales ayuda a concentrar, en poca dosis, el efecto de numerosas frutas y verduras ricas en L-glutation y S-Adenosinmetionina. Todo ello, con un agradable y refrescante sabor a lim\u00f3n<\/p>\n","protected":false},"excerpt":{"rendered":"<p>Ayuda a correcto funcionamiento del h\u00edgado, el \u00f3rgano detoxificante por excelencia, ayuda a mantener el cuerpo limpio.<\/p>\n","protected":false},"featured_media":2481,"comment_status":"open","ping_status":"closed","template":"","meta":[],"product_brand":[463],"product_cat":[382,396],"product_tag":[502,576,500,501,520,503],"class_list":{"0":"post-2480","1":"product","2":"type-product","3":"status-publish","4":"has-post-thumbnail","6":"product_brand-drasanvi","7":"product_cat-antioxidante","8":"product_cat-sistema-digestivo","9":"product_tag-heredia","10":"product_tag-higado","11":"product_tag-macrobiotica","12":"product_tag-natural","13":"product_tag-natural-shop","14":"product_tag-san-pablo","16":"first","17":"instock","18":"shipping-taxable","19":"purchasable","20":"product-type-simple"},"jetpack_sharing_enabled":true,"_links":{"self":[{"href":"https:\/\/macronaturalsshop.com\/index.php?rest_route=\/wp\/v2\/product\/2480"}],"collection":[{"href":"https:\/\/macronaturalsshop.com\/index.php?rest_route=\/wp\/v2\/product"}],"about":[{"href":"https:\/\/macronaturalsshop.com\/index.php?rest_route=\/wp\/v2\/types\/product"}],"replies":[{"embeddable":true,"href":"https:\/\/macronaturalsshop.com\/index.php?rest_route=%2Fwp%2Fv2%2Fcomments&post=2480"}],"wp:featuredmedia":[{"embeddable":true,"href":"https:\/\/macronaturalsshop.com\/index.php?rest_route=\/wp\/v2\/media\/2481"}],"wp:attachment":[{"href":"https:\/\/macronaturalsshop.com\/index.php?rest_route=%2Fwp%2Fv2%2Fmedia&parent=2480"}],"wp:term":[{"taxonomy":"product_brand","embeddable":true,"href":"https:\/\/macronaturalsshop.com\/index.php?rest_route=%2Fwp%2Fv2%2Fproduct_brand&post=2480"},{"taxonomy":"product_cat","embeddable":true,"href":"https:\/\/macronaturalsshop.com\/index.php?rest_route=%2Fwp%2Fv2%2Fproduct_cat&post=2480"},{"taxonomy":"product_tag","embeddable":true,"href":"https:\/\/macronaturalsshop.com\/index.php?rest_route=%2Fwp%2Fv2%2Fproduct_tag&post=2480"}],"curies":[{"name":"wp","href":"https:\/\/api.w.org\/{rel}","templated":true}]}}