{"id":2487,"date":"2025-08-31T08:00:06","date_gmt":"2025-08-31T08:00:06","guid":{"rendered":"https:\/\/macronaturalsshop.com\/?post_type=product&#038;p=2487"},"modified":"2025-09-01T00:11:28","modified_gmt":"2025-09-01T00:11:28","slug":"harpagofito-60-capsulas-nutrabasics-drasanvi","status":"publish","type":"product","link":"https:\/\/macronaturalsshop.com\/?product=harpagofito-60-capsulas-nutrabasics-drasanvi","title":{"rendered":"Harpagofito Nutrabasics"},"content":{"rendered":"<p>El Harpagofito\u00a0<em>(Harpagophytum procumbens)<\/em>\u00a0es una planta con hojas dentadas, fruto en forma de garra que se engancha al pelo de los animales y profundas ra\u00edces que penetran en la tierra, de ah\u00ed que se denomine com\u00fanmente\u00a0<em>garra del diablo<\/em>. Sus propiedades son conocidas por varias civilizaciones, como los bosquimanos, que lo han utilizado durante a\u00f1os. Posteriormente, y asombrados por sus propiedades, en 1960 llega a Europa, donde se comienz\u00f3 a utilizar con asidudidad.<\/p>\n","protected":false},"excerpt":{"rendered":"<p>Coadyuvante en el tratamiento de dolores articulares leves a moderados, como los de la artrosis, la artritis y otras afecciones reum\u00e1ticas, gracias a sus propiedades antiinflamatorias y analg\u00e9sicas. Tambi\u00e9n puede mejorar la movilidad y flexibilidad, aliviar la lumbalgia y la tendinitis, y tener propiedades digestivas y depurativas.<\/p>\n","protected":false},"featured_media":2488,"comment_status":"open","ping_status":"closed","template":"","meta":[],"product_brand":[463],"product_cat":[430],"product_tag":[638,615,570,502,500,501,520,503],"class_list":{"0":"post-2487","1":"product","2":"type-product","3":"status-publish","4":"has-post-thumbnail","6":"product_brand-drasanvi","7":"product_cat-antinflamatorio-y-dolores","8":"product_tag-analgesico","9":"product_tag-antiinflamatorio","10":"product_tag-artritis","11":"product_tag-heredia","12":"product_tag-macrobiotica","13":"product_tag-natural","14":"product_tag-natural-shop","15":"product_tag-san-pablo","17":"first","18":"instock","19":"shipping-taxable","20":"purchasable","21":"product-type-simple"},"jetpack_sharing_enabled":true,"_links":{"self":[{"href":"https:\/\/macronaturalsshop.com\/index.php?rest_route=\/wp\/v2\/product\/2487"}],"collection":[{"href":"https:\/\/macronaturalsshop.com\/index.php?rest_route=\/wp\/v2\/product"}],"about":[{"href":"https:\/\/macronaturalsshop.com\/index.php?rest_route=\/wp\/v2\/types\/product"}],"replies":[{"embeddable":true,"href":"https:\/\/macronaturalsshop.com\/index.php?rest_route=%2Fwp%2Fv2%2Fcomments&post=2487"}],"wp:featuredmedia":[{"embeddable":true,"href":"https:\/\/macronaturalsshop.com\/index.php?rest_route=\/wp\/v2\/media\/2488"}],"wp:attachment":[{"href":"https:\/\/macronaturalsshop.com\/index.php?rest_route=%2Fwp%2Fv2%2Fmedia&parent=2487"}],"wp:term":[{"taxonomy":"product_brand","embeddable":true,"href":"https:\/\/macronaturalsshop.com\/index.php?rest_route=%2Fwp%2Fv2%2Fproduct_brand&post=2487"},{"taxonomy":"product_cat","embeddable":true,"href":"https:\/\/macronaturalsshop.com\/index.php?rest_route=%2Fwp%2Fv2%2Fproduct_cat&post=2487"},{"taxonomy":"product_tag","embeddable":true,"href":"https:\/\/macronaturalsshop.com\/index.php?rest_route=%2Fwp%2Fv2%2Fproduct_tag&post=2487"}],"curies":[{"name":"wp","href":"https:\/\/api.w.org\/{rel}","templated":true}]}}