{"id":2491,"date":"2025-08-31T08:05:33","date_gmt":"2025-08-31T08:05:33","guid":{"rendered":"https:\/\/macronaturalsshop.com\/?post_type=product&#038;p=2491"},"modified":"2025-09-01T00:14:26","modified_gmt":"2025-09-01T00:14:26","slug":"oseogen-alimento-oseo-72-capsulas-drasanvi","status":"publish","type":"product","link":"https:\/\/macronaturalsshop.com\/?product=oseogen-alimento-oseo-72-capsulas-drasanvi","title":{"rendered":"Oseogen Alimento \u00d3seo"},"content":{"rendered":"<p>Contribuye al correcto funcionamiento de los huesos en condiciones normales. Oseogen Alimento \u00d3seo es un complemento alimenticio \u00fanico que incorpora en su composici\u00f3n nutriente como la ipriflavona y la lisina, reforzado con 3 minerales y 3 vitaminas. La forma de administrar los minerales lo hacen \u00fanico y especial. Entre su composici\u00f3n est\u00e1 el calcio, que contribuye al correcto funcionamiento de los huesos en condiciones normales.<\/p>\n","protected":false},"excerpt":{"rendered":"<p>Oseogen Alimento \u00d3seo es un complemento alimenticio \u00fanico que incorpora en su composici\u00f3n nutriente como la ipriflavona y la lisina, reforzado con 3 minerales y 3 vitaminas.<\/p>\n","protected":false},"featured_media":2492,"comment_status":"open","ping_status":"closed","template":"","meta":[],"product_brand":[463],"product_cat":[398],"product_tag":[502,563,500,501,520,503],"class_list":{"0":"post-2491","1":"product","2":"type-product","3":"status-publish","4":"has-post-thumbnail","6":"product_brand-drasanvi","7":"product_cat-vit-y-min","8":"product_tag-heredia","9":"product_tag-huesos","10":"product_tag-macrobiotica","11":"product_tag-natural","12":"product_tag-natural-shop","13":"product_tag-san-pablo","15":"first","16":"instock","17":"shipping-taxable","18":"purchasable","19":"product-type-simple"},"jetpack_sharing_enabled":true,"_links":{"self":[{"href":"https:\/\/macronaturalsshop.com\/index.php?rest_route=\/wp\/v2\/product\/2491"}],"collection":[{"href":"https:\/\/macronaturalsshop.com\/index.php?rest_route=\/wp\/v2\/product"}],"about":[{"href":"https:\/\/macronaturalsshop.com\/index.php?rest_route=\/wp\/v2\/types\/product"}],"replies":[{"embeddable":true,"href":"https:\/\/macronaturalsshop.com\/index.php?rest_route=%2Fwp%2Fv2%2Fcomments&post=2491"}],"wp:featuredmedia":[{"embeddable":true,"href":"https:\/\/macronaturalsshop.com\/index.php?rest_route=\/wp\/v2\/media\/2492"}],"wp:attachment":[{"href":"https:\/\/macronaturalsshop.com\/index.php?rest_route=%2Fwp%2Fv2%2Fmedia&parent=2491"}],"wp:term":[{"taxonomy":"product_brand","embeddable":true,"href":"https:\/\/macronaturalsshop.com\/index.php?rest_route=%2Fwp%2Fv2%2Fproduct_brand&post=2491"},{"taxonomy":"product_cat","embeddable":true,"href":"https:\/\/macronaturalsshop.com\/index.php?rest_route=%2Fwp%2Fv2%2Fproduct_cat&post=2491"},{"taxonomy":"product_tag","embeddable":true,"href":"https:\/\/macronaturalsshop.com\/index.php?rest_route=%2Fwp%2Fv2%2Fproduct_tag&post=2491"}],"curies":[{"name":"wp","href":"https:\/\/api.w.org\/{rel}","templated":true}]}}