{"id":2497,"date":"2025-08-31T08:10:13","date_gmt":"2025-08-31T08:10:13","guid":{"rendered":"https:\/\/macronaturalsshop.com\/?post_type=product&#038;p=2497"},"modified":"2025-09-01T00:18:44","modified_gmt":"2025-09-01T00:18:44","slug":"vitalpur-clasica-20x15-ml-viales-drasanvi","status":"publish","type":"product","link":"https:\/\/macronaturalsshop.com\/?product=vitalpur-clasica-20x15-ml-viales-drasanvi","title":{"rendered":"Vitalpur Cl\u00e1sica 20\u00d715 ml"},"content":{"rendered":"<p>Vitalpur Cl\u00e1sica es un complemento alimenticio a base de Jalea Real, que aporta 1.500 mg por dosis diaria. La Jalea Real es una sustancia producida por las abejas, rica en nutrientes como vitaminas, minerales, \u00e1cidos grasos esenciales y amino\u00e1cidos. Vitalpur Cl\u00e1sica, no lleva az\u00facares a\u00f1adidos, s\u00f3lo contiene edulcorante natural (gluc\u00f3sidos de esteviol), extra\u00eddos de las hojas de la planta Stevia rebaudiana bertoni.<\/p>\n","protected":false},"excerpt":{"rendered":"<p>La Jalea Real es una sustancia producida por las abejas, rica en nutrientes como vitaminas, minerales, \u00e1cidos grasos esenciales y amino\u00e1cidos.<\/p>\n","protected":false},"featured_media":2498,"comment_status":"open","ping_status":"closed","template":"","meta":[],"product_brand":[463],"product_cat":[379,393],"product_tag":[502,500,501,520,503],"class_list":{"0":"post-2497","1":"product","2":"type-product","3":"status-publish","4":"has-post-thumbnail","6":"product_brand-drasanvi","7":"product_cat-sistema-inmunologico","8":"product_cat-energia","9":"product_tag-heredia","10":"product_tag-macrobiotica","11":"product_tag-natural","12":"product_tag-natural-shop","13":"product_tag-san-pablo","15":"first","16":"instock","17":"shipping-taxable","18":"purchasable","19":"product-type-simple"},"jetpack_sharing_enabled":true,"_links":{"self":[{"href":"https:\/\/macronaturalsshop.com\/index.php?rest_route=\/wp\/v2\/product\/2497"}],"collection":[{"href":"https:\/\/macronaturalsshop.com\/index.php?rest_route=\/wp\/v2\/product"}],"about":[{"href":"https:\/\/macronaturalsshop.com\/index.php?rest_route=\/wp\/v2\/types\/product"}],"replies":[{"embeddable":true,"href":"https:\/\/macronaturalsshop.com\/index.php?rest_route=%2Fwp%2Fv2%2Fcomments&post=2497"}],"wp:featuredmedia":[{"embeddable":true,"href":"https:\/\/macronaturalsshop.com\/index.php?rest_route=\/wp\/v2\/media\/2498"}],"wp:attachment":[{"href":"https:\/\/macronaturalsshop.com\/index.php?rest_route=%2Fwp%2Fv2%2Fmedia&parent=2497"}],"wp:term":[{"taxonomy":"product_brand","embeddable":true,"href":"https:\/\/macronaturalsshop.com\/index.php?rest_route=%2Fwp%2Fv2%2Fproduct_brand&post=2497"},{"taxonomy":"product_cat","embeddable":true,"href":"https:\/\/macronaturalsshop.com\/index.php?rest_route=%2Fwp%2Fv2%2Fproduct_cat&post=2497"},{"taxonomy":"product_tag","embeddable":true,"href":"https:\/\/macronaturalsshop.com\/index.php?rest_route=%2Fwp%2Fv2%2Fproduct_tag&post=2497"}],"curies":[{"name":"wp","href":"https:\/\/api.w.org\/{rel}","templated":true}]}}