{"id":2500,"date":"2025-08-31T08:15:27","date_gmt":"2025-08-31T08:15:27","guid":{"rendered":"https:\/\/macronaturalsshop.com\/?post_type=product&#038;p=2500"},"modified":"2025-09-01T00:22:49","modified_gmt":"2025-09-01T00:22:49","slug":"colon-norm-60-caps","status":"publish","type":"product","link":"https:\/\/macronaturalsshop.com\/?product=colon-norm-60-caps","title":{"rendered":"Colon Norm"},"content":{"rendered":"<ul>\n<li>Coadyuvante en el tratamiento del estre\u00f1imiento y hemorroides, al ser un laxante suave que permite una f\u00e1cil evacuaci\u00f3n.<\/li>\n<li>Enfermedad acido p\u00e9ptica estomacal (gastritis).<\/li>\n<li>Infecci\u00f3n por Helicobacter pilory.<\/li>\n<li>Infecciones intestinales.<\/li>\n<\/ul>\n","protected":false},"excerpt":{"rendered":"<p>Coadyuvante en el estre\u00f1imiento ocasional. Laxante suave que permite una f\u00e1cil evacuaci\u00f3n.<\/p>\n","protected":false},"featured_media":5313,"comment_status":"open","ping_status":"closed","template":"","meta":[],"product_brand":[463],"product_cat":[396],"product_tag":[623,502,639,500,501,520,503],"class_list":{"0":"post-2500","1":"product","2":"type-product","3":"status-publish","4":"has-post-thumbnail","6":"product_brand-drasanvi","7":"product_cat-sistema-digestivo","8":"product_tag-colitis","9":"product_tag-heredia","10":"product_tag-laxante","11":"product_tag-macrobiotica","12":"product_tag-natural","13":"product_tag-natural-shop","14":"product_tag-san-pablo","16":"first","17":"instock","18":"shipping-taxable","19":"purchasable","20":"product-type-simple"},"jetpack_sharing_enabled":true,"_links":{"self":[{"href":"https:\/\/macronaturalsshop.com\/index.php?rest_route=\/wp\/v2\/product\/2500"}],"collection":[{"href":"https:\/\/macronaturalsshop.com\/index.php?rest_route=\/wp\/v2\/product"}],"about":[{"href":"https:\/\/macronaturalsshop.com\/index.php?rest_route=\/wp\/v2\/types\/product"}],"replies":[{"embeddable":true,"href":"https:\/\/macronaturalsshop.com\/index.php?rest_route=%2Fwp%2Fv2%2Fcomments&post=2500"}],"wp:featuredmedia":[{"embeddable":true,"href":"https:\/\/macronaturalsshop.com\/index.php?rest_route=\/wp\/v2\/media\/5313"}],"wp:attachment":[{"href":"https:\/\/macronaturalsshop.com\/index.php?rest_route=%2Fwp%2Fv2%2Fmedia&parent=2500"}],"wp:term":[{"taxonomy":"product_brand","embeddable":true,"href":"https:\/\/macronaturalsshop.com\/index.php?rest_route=%2Fwp%2Fv2%2Fproduct_brand&post=2500"},{"taxonomy":"product_cat","embeddable":true,"href":"https:\/\/macronaturalsshop.com\/index.php?rest_route=%2Fwp%2Fv2%2Fproduct_cat&post=2500"},{"taxonomy":"product_tag","embeddable":true,"href":"https:\/\/macronaturalsshop.com\/index.php?rest_route=%2Fwp%2Fv2%2Fproduct_tag&post=2500"}],"curies":[{"name":"wp","href":"https:\/\/api.w.org\/{rel}","templated":true}]}}