{"id":2513,"date":"2025-08-31T08:20:39","date_gmt":"2025-08-31T08:20:39","guid":{"rendered":"https:\/\/macronaturalsshop.com\/?post_type=product&#038;p=2513"},"modified":"2025-09-01T00:27:06","modified_gmt":"2025-09-01T00:27:06","slug":"cystone-100-tabletas","status":"publish","type":"product","link":"https:\/\/macronaturalsshop.com\/?product=cystone-100-tabletas","title":{"rendered":"Cystone"},"content":{"rendered":"<ul>\n<li>Disminuye la absorci\u00f3n intestinal de los precursores de oxalato y disminuye la s\u00edntesis de oxalato.<\/li>\n<li>Disminuye la s\u00edntesis de \u00e1cido \u00farico.<\/li>\n<li>Previene la supersaturaci\u00f3n de orina por calcio, \u00e1cido \u00farico y oxalato.<\/li>\n<li>Aumenta la concentraci\u00f3n en orina de inhibidores de calculog\u00e9nesis (citrato, magnesio, prote\u00edna de Tamm-Horsfall).<\/li>\n<li>Contiene sustancias que desintegran la mucina (mucoprote\u00edna que le confiere solidez a los c\u00e1lculos urinarios).<\/li>\n<li>Al cambiar las propiedades qu\u00edmicas y f\u00edsicas de la orina, contribuye a la desintegraci\u00f3n de c\u00e1lculos urinarios.<\/li>\n<li>Ejerce acci\u00f3n antiespasm\u00f3dica y diur\u00e9tica leve.<\/li>\n<\/ul>\n<p><strong>Cystone<\/strong><sup><strong>\u00ae<\/strong><\/sup><sup><strong>\u00a0<\/strong><\/sup>tambi\u00e9n ejerce un efecto bactericida contra<em>\u00a0Proteus vulgaris, Klebsiella spp<\/em>.,\u00a0<em>Pseudomonas aeruginosa, Escherichia coli\u00a0<\/em>y algunos otros g\u00e9rmenes que suelen provocar infecciones urinarias recurrentes.<\/p>\n<p>En casos de infecciones urinarias debe combinarse con\u00a0<strong>Septilin<\/strong><sup><strong>\u00ae<\/strong><\/sup>.<\/p>\n","protected":false},"excerpt":{"rendered":"<p>Trata c\u00e1lculos renales e infecciones urinarias.<\/p>\n","protected":false},"featured_media":2514,"comment_status":"open","ping_status":"closed","template":"","meta":[],"product_brand":[470],"product_cat":[406],"product_tag":[603,502,618,500,501,520,503],"class_list":{"0":"post-2513","1":"product","2":"type-product","3":"status-publish","4":"has-post-thumbnail","6":"product_brand-himalaya","7":"product_cat-rinones","8":"product_tag-diuretico","9":"product_tag-heredia","10":"product_tag-infecciones","11":"product_tag-macrobiotica","12":"product_tag-natural","13":"product_tag-natural-shop","14":"product_tag-san-pablo","16":"first","17":"instock","18":"shipping-taxable","19":"purchasable","20":"product-type-simple"},"jetpack_sharing_enabled":true,"_links":{"self":[{"href":"https:\/\/macronaturalsshop.com\/index.php?rest_route=\/wp\/v2\/product\/2513"}],"collection":[{"href":"https:\/\/macronaturalsshop.com\/index.php?rest_route=\/wp\/v2\/product"}],"about":[{"href":"https:\/\/macronaturalsshop.com\/index.php?rest_route=\/wp\/v2\/types\/product"}],"replies":[{"embeddable":true,"href":"https:\/\/macronaturalsshop.com\/index.php?rest_route=%2Fwp%2Fv2%2Fcomments&post=2513"}],"wp:featuredmedia":[{"embeddable":true,"href":"https:\/\/macronaturalsshop.com\/index.php?rest_route=\/wp\/v2\/media\/2514"}],"wp:attachment":[{"href":"https:\/\/macronaturalsshop.com\/index.php?rest_route=%2Fwp%2Fv2%2Fmedia&parent=2513"}],"wp:term":[{"taxonomy":"product_brand","embeddable":true,"href":"https:\/\/macronaturalsshop.com\/index.php?rest_route=%2Fwp%2Fv2%2Fproduct_brand&post=2513"},{"taxonomy":"product_cat","embeddable":true,"href":"https:\/\/macronaturalsshop.com\/index.php?rest_route=%2Fwp%2Fv2%2Fproduct_cat&post=2513"},{"taxonomy":"product_tag","embeddable":true,"href":"https:\/\/macronaturalsshop.com\/index.php?rest_route=%2Fwp%2Fv2%2Fproduct_tag&post=2513"}],"curies":[{"name":"wp","href":"https:\/\/api.w.org\/{rel}","templated":true}]}}