{"id":2519,"date":"2025-08-31T08:35:10","date_gmt":"2025-08-31T08:35:10","guid":{"rendered":"https:\/\/macronaturalsshop.com\/?post_type=product&#038;p=2519"},"modified":"2025-09-01T00:41:18","modified_gmt":"2025-09-01T00:41:18","slug":"diabecon-60-tab","status":"publish","type":"product","link":"https:\/\/macronaturalsshop.com\/?product=diabecon-60-tab","title":{"rendered":"Diabecon"},"content":{"rendered":"<ul>\n<li>Restaura la actividad de los receptores de insulina en la musculatura estriada.<\/li>\n<li>Estimula la s\u00edntesis de glic\u00f3geno en los m\u00fasculos y en el h\u00edgado.<\/li>\n<li>Disminuye la gluconeog\u00e9nesis.<\/li>\n<li>Promueve la regeneraci\u00f3n de las c\u00e9lulas \u03b2 del p\u00e1ncreas, contribuye a la sobrevivencia de las c\u00e9lulas \u03b2 del p\u00e1ncreas en condiciones de hipoglicemia.<\/li>\n<li>Facilita la liberaci\u00f3n de insulina por las c\u00e9lulas \u03b2 del p\u00e1ncreas.<\/li>\n<li>Disminuye la actividad de alfa-glucosidasas, de este modo disminuye la hiperglicemia posprandial.<\/li>\n<li>Ayuda a conservar la poblaci\u00f3n de las c\u00e9lulas productoras de insulina en condiciones de insulinoresistencia.<\/li>\n<li>Demora el desarrollo de las complicaciones tard\u00edas de la diabetes (microangiopat\u00eda, macroangiopat\u00eda y neuropat\u00eda).<\/li>\n<li>Disminuye el nivel de triglic\u00e9ridos y colesterol aumentado por insulinoresistencia y por hiperinsulinemia.<\/li>\n<\/ul>\n","protected":false},"excerpt":{"rendered":"<p>Regulador metab\u00f3lico para diab\u00e9ticos.<\/p>\n","protected":false},"featured_media":2520,"comment_status":"open","ping_status":"closed","template":"","meta":[],"product_brand":[470],"product_cat":[448],"product_tag":[544,502,500,501,520,503],"class_list":{"0":"post-2519","1":"product","2":"type-product","3":"status-publish","4":"has-post-thumbnail","6":"product_brand-himalaya","7":"product_cat-circulacion","8":"product_tag-diabetico","9":"product_tag-heredia","10":"product_tag-macrobiotica","11":"product_tag-natural","12":"product_tag-natural-shop","13":"product_tag-san-pablo","15":"first","16":"instock","17":"shipping-taxable","18":"purchasable","19":"product-type-simple"},"jetpack_sharing_enabled":true,"_links":{"self":[{"href":"https:\/\/macronaturalsshop.com\/index.php?rest_route=\/wp\/v2\/product\/2519"}],"collection":[{"href":"https:\/\/macronaturalsshop.com\/index.php?rest_route=\/wp\/v2\/product"}],"about":[{"href":"https:\/\/macronaturalsshop.com\/index.php?rest_route=\/wp\/v2\/types\/product"}],"replies":[{"embeddable":true,"href":"https:\/\/macronaturalsshop.com\/index.php?rest_route=%2Fwp%2Fv2%2Fcomments&post=2519"}],"wp:featuredmedia":[{"embeddable":true,"href":"https:\/\/macronaturalsshop.com\/index.php?rest_route=\/wp\/v2\/media\/2520"}],"wp:attachment":[{"href":"https:\/\/macronaturalsshop.com\/index.php?rest_route=%2Fwp%2Fv2%2Fmedia&parent=2519"}],"wp:term":[{"taxonomy":"product_brand","embeddable":true,"href":"https:\/\/macronaturalsshop.com\/index.php?rest_route=%2Fwp%2Fv2%2Fproduct_brand&post=2519"},{"taxonomy":"product_cat","embeddable":true,"href":"https:\/\/macronaturalsshop.com\/index.php?rest_route=%2Fwp%2Fv2%2Fproduct_cat&post=2519"},{"taxonomy":"product_tag","embeddable":true,"href":"https:\/\/macronaturalsshop.com\/index.php?rest_route=%2Fwp%2Fv2%2Fproduct_tag&post=2519"}],"curies":[{"name":"wp","href":"https:\/\/api.w.org\/{rel}","templated":true}]}}