{"id":2524,"date":"2025-08-31T08:40:35","date_gmt":"2025-08-31T08:40:35","guid":{"rendered":"https:\/\/macronaturalsshop.com\/?post_type=product&#038;p=2524"},"modified":"2025-09-01T00:46:55","modified_gmt":"2025-09-01T00:46:55","slug":"espuma-limpiadora-nim","status":"publish","type":"product","link":"https:\/\/macronaturalsshop.com\/?product=espuma-limpiadora-nim","title":{"rendered":"Espuma Facial Purificante de Nim"},"content":{"rendered":"<p>El uso diario de la Espuma Facial Purificante de Nim:<\/p>\n<ul>\n<li>Limpia el cutis y elimina las impurezas.<\/li>\n<li>Previene y controla el acn\u00e9.<\/li>\n<li>Mantiene la piel fresca y atractiva.<\/li>\n<\/ul>\n","protected":false},"excerpt":{"rendered":"<p>La exclusiva f\u00f3rmula de la Espuma Facial Purificante de Nim es libre de jab\u00f3n, hipoalerg\u00e9nica y dermatol\u00f3gicamente probada.<\/p>\n","protected":false},"featured_media":2525,"comment_status":"open","ping_status":"closed","template":"","meta":[],"product_brand":[470],"product_cat":[408],"product_tag":[502,500,501,520,503],"class_list":{"0":"post-2524","1":"product","2":"type-product","3":"status-publish","4":"has-post-thumbnail","6":"product_brand-himalaya","7":"product_cat-cuidado-personal","8":"product_tag-heredia","9":"product_tag-macrobiotica","10":"product_tag-natural","11":"product_tag-natural-shop","12":"product_tag-san-pablo","14":"first","15":"instock","16":"shipping-taxable","17":"purchasable","18":"product-type-simple"},"jetpack_sharing_enabled":true,"_links":{"self":[{"href":"https:\/\/macronaturalsshop.com\/index.php?rest_route=\/wp\/v2\/product\/2524"}],"collection":[{"href":"https:\/\/macronaturalsshop.com\/index.php?rest_route=\/wp\/v2\/product"}],"about":[{"href":"https:\/\/macronaturalsshop.com\/index.php?rest_route=\/wp\/v2\/types\/product"}],"replies":[{"embeddable":true,"href":"https:\/\/macronaturalsshop.com\/index.php?rest_route=%2Fwp%2Fv2%2Fcomments&post=2524"}],"wp:featuredmedia":[{"embeddable":true,"href":"https:\/\/macronaturalsshop.com\/index.php?rest_route=\/wp\/v2\/media\/2525"}],"wp:attachment":[{"href":"https:\/\/macronaturalsshop.com\/index.php?rest_route=%2Fwp%2Fv2%2Fmedia&parent=2524"}],"wp:term":[{"taxonomy":"product_brand","embeddable":true,"href":"https:\/\/macronaturalsshop.com\/index.php?rest_route=%2Fwp%2Fv2%2Fproduct_brand&post=2524"},{"taxonomy":"product_cat","embeddable":true,"href":"https:\/\/macronaturalsshop.com\/index.php?rest_route=%2Fwp%2Fv2%2Fproduct_cat&post=2524"},{"taxonomy":"product_tag","embeddable":true,"href":"https:\/\/macronaturalsshop.com\/index.php?rest_route=%2Fwp%2Fv2%2Fproduct_tag&post=2524"}],"curies":[{"name":"wp","href":"https:\/\/api.w.org\/{rel}","templated":true}]}}