{"id":2531,"date":"2025-08-17T05:02:36","date_gmt":"2025-08-17T05:02:36","guid":{"rendered":"https:\/\/macronaturalsshop.com\/?post_type=product&#038;p=2531"},"modified":"2025-08-18T01:06:09","modified_gmt":"2025-08-18T01:06:09","slug":"gastricare-100-tab","status":"publish","type":"product","link":"https:\/\/macronaturalsshop.com\/?product=gastricare-100-tab","title":{"rendered":"Gastricare"},"content":{"rendered":"<ul>\n<li>Flatulencia y distensi\u00f3n abdominal asociadas con insuficiencia enzim\u00e1tica digestiva.<\/li>\n<li>Gastritis cr\u00f3nica con funci\u00f3n secretora baja.<\/li>\n<li>Reflujo duodenogastral.<\/li>\n<li>Reflujo gastroesofageal (hernia hiatal, insuficiencia del esf\u00ednter cardial).<\/li>\n<li>Preparaci\u00f3n del tracto gastrointestinal para procedimientos diagn\u00f3sticos (ultrasonograf\u00eda, rayos X).<\/li>\n<li>Alivio sintom\u00e1tico de dispepsia y flatulencia.<\/li>\n<li>Trastornos de motilidad gastrointestinal en neuropat\u00eda visceral diab\u00e9tica.<\/li>\n<\/ul>\n","protected":false},"excerpt":{"rendered":"<ul>\n<li>Mejora la actividad enzim\u00e1tica en el tracto gastrointestinal.<\/li>\n<li>Ejerce un ligero efecto neutralizador sobre el \u00e1cido clorh\u00eddrico.<\/li>\n<li>Ejerce efecto procin\u00e9tico comparable con la metoclopramida.<\/li>\n<li>Adsorbente: contiene componentes que adsorben gases y toxinas.<\/li>\n<\/ul>\n","protected":false},"featured_media":2532,"comment_status":"open","ping_status":"closed","template":"","meta":[],"product_brand":[470],"product_cat":[396],"product_tag":[502,500,501,520,503],"class_list":{"0":"post-2531","1":"product","2":"type-product","3":"status-publish","4":"has-post-thumbnail","6":"product_brand-himalaya","7":"product_cat-sistema-digestivo","8":"product_tag-heredia","9":"product_tag-macrobiotica","10":"product_tag-natural","11":"product_tag-natural-shop","12":"product_tag-san-pablo","14":"first","15":"instock","16":"shipping-taxable","17":"purchasable","18":"product-type-simple"},"jetpack_sharing_enabled":true,"_links":{"self":[{"href":"https:\/\/macronaturalsshop.com\/index.php?rest_route=\/wp\/v2\/product\/2531"}],"collection":[{"href":"https:\/\/macronaturalsshop.com\/index.php?rest_route=\/wp\/v2\/product"}],"about":[{"href":"https:\/\/macronaturalsshop.com\/index.php?rest_route=\/wp\/v2\/types\/product"}],"replies":[{"embeddable":true,"href":"https:\/\/macronaturalsshop.com\/index.php?rest_route=%2Fwp%2Fv2%2Fcomments&post=2531"}],"wp:featuredmedia":[{"embeddable":true,"href":"https:\/\/macronaturalsshop.com\/index.php?rest_route=\/wp\/v2\/media\/2532"}],"wp:attachment":[{"href":"https:\/\/macronaturalsshop.com\/index.php?rest_route=%2Fwp%2Fv2%2Fmedia&parent=2531"}],"wp:term":[{"taxonomy":"product_brand","embeddable":true,"href":"https:\/\/macronaturalsshop.com\/index.php?rest_route=%2Fwp%2Fv2%2Fproduct_brand&post=2531"},{"taxonomy":"product_cat","embeddable":true,"href":"https:\/\/macronaturalsshop.com\/index.php?rest_route=%2Fwp%2Fv2%2Fproduct_cat&post=2531"},{"taxonomy":"product_tag","embeddable":true,"href":"https:\/\/macronaturalsshop.com\/index.php?rest_route=%2Fwp%2Fv2%2Fproduct_tag&post=2531"}],"curies":[{"name":"wp","href":"https:\/\/api.w.org\/{rel}","templated":true}]}}