{"id":2536,"date":"2025-09-03T01:00:49","date_gmt":"2025-09-03T01:00:49","guid":{"rendered":"https:\/\/macronaturalsshop.com\/?post_type=product&#038;p=2536"},"modified":"2025-09-03T15:46:38","modified_gmt":"2025-09-03T15:46:38","slug":"geriforte-jarabe-200ml","status":"publish","type":"product","link":"https:\/\/macronaturalsshop.com\/?product=geriforte-jarabe-200ml","title":{"rendered":"Geriforte Jarabe"},"content":{"rendered":"<ul>\n<li>Reducci\u00f3n del estr\u00e9s f\u00edsico y emocional.<\/li>\n<li>Aumento de energ\u00eda y vitalidad.<\/li>\n<li>Mejora de la funci\u00f3n inmunol\u00f3gica.<\/li>\n<li>Mayor resistencia al cansancio mental.<\/li>\n<li>Soporte para el sistema cardiovascular.<\/li>\n<li>Efecto antienvejecimiento.<\/li>\n<\/ul>\n","protected":false},"excerpt":{"rendered":"<p>Controlar los trastornos relacionados con el estr\u00e9s, la fatiga y la debilidad asociada con la edad.<\/p>\n","protected":false},"featured_media":5318,"comment_status":"open","ping_status":"closed","template":"","meta":[],"product_brand":[470],"product_cat":[379,404],"product_tag":[530,502,500,501,520,503],"class_list":{"0":"post-2536","1":"product","2":"type-product","3":"status-publish","4":"has-post-thumbnail","6":"product_brand-himalaya","7":"product_cat-sistema-inmunologico","8":"product_cat-ansiedad-y-estres","9":"product_tag-control-de-estres","10":"product_tag-heredia","11":"product_tag-macrobiotica","12":"product_tag-natural","13":"product_tag-natural-shop","14":"product_tag-san-pablo","16":"first","17":"instock","18":"shipping-taxable","19":"purchasable","20":"product-type-simple"},"jetpack_sharing_enabled":true,"_links":{"self":[{"href":"https:\/\/macronaturalsshop.com\/index.php?rest_route=\/wp\/v2\/product\/2536"}],"collection":[{"href":"https:\/\/macronaturalsshop.com\/index.php?rest_route=\/wp\/v2\/product"}],"about":[{"href":"https:\/\/macronaturalsshop.com\/index.php?rest_route=\/wp\/v2\/types\/product"}],"replies":[{"embeddable":true,"href":"https:\/\/macronaturalsshop.com\/index.php?rest_route=%2Fwp%2Fv2%2Fcomments&post=2536"}],"wp:featuredmedia":[{"embeddable":true,"href":"https:\/\/macronaturalsshop.com\/index.php?rest_route=\/wp\/v2\/media\/5318"}],"wp:attachment":[{"href":"https:\/\/macronaturalsshop.com\/index.php?rest_route=%2Fwp%2Fv2%2Fmedia&parent=2536"}],"wp:term":[{"taxonomy":"product_brand","embeddable":true,"href":"https:\/\/macronaturalsshop.com\/index.php?rest_route=%2Fwp%2Fv2%2Fproduct_brand&post=2536"},{"taxonomy":"product_cat","embeddable":true,"href":"https:\/\/macronaturalsshop.com\/index.php?rest_route=%2Fwp%2Fv2%2Fproduct_cat&post=2536"},{"taxonomy":"product_tag","embeddable":true,"href":"https:\/\/macronaturalsshop.com\/index.php?rest_route=%2Fwp%2Fv2%2Fproduct_tag&post=2536"}],"curies":[{"name":"wp","href":"https:\/\/api.w.org\/{rel}","templated":true}]}}