{"id":2553,"date":"2025-08-18T01:00:45","date_gmt":"2025-08-18T01:00:45","guid":{"rendered":"https:\/\/macronaturalsshop.com\/?post_type=product&#038;p=2553"},"modified":"2025-08-18T14:43:20","modified_gmt":"2025-08-18T14:43:20","slug":"liv-52-100-tabletas","status":"publish","type":"product","link":"https:\/\/macronaturalsshop.com\/?product=liv-52-100-tabletas","title":{"rendered":"Liv 52"},"content":{"rendered":"<ul>\n<li>Aumenta la concentraci\u00f3n de glutati\u00f3n en los hepatocitos, conservando la poblaci\u00f3n de hepatocitos.<\/li>\n<li>Ejerce efecto antioxidante, inhibe la peroxidaci\u00f3n lip\u00eddica, disminuye la generaci\u00f3n de sus productos t\u00f3xicos (4\u2013hidroxinonenal y dialdeh\u00eddo mal\u00f3nico)- mantiene nivel de glutati\u00f3n y la actividad de las enzimas antioxidantes (catalasa, superoxidismutasas, glutatuionperoxidasa y glutationreductasa).<\/li>\n<li>Ejerce un efecto lipotr\u00f3pico protegiendo mitocondrias y favoreciendo \u03b2 oxidaci\u00f3n y disminuyendo la infiltraci\u00f3n lip\u00eddica del \u00f3rgano.<\/li>\n<li>Recupera el metabolismo energ\u00e9tico de hepatocitos.<\/li>\n<li>Disminuye la inflamaci\u00f3n del par\u00e9nquima del \u00f3rgano, al inhibir la producci\u00f3n de citoquinas proinflamatorias y disminuir la actividad de fosfolipasa A2, factor nuclear\u2013\u03baB, nitrato sintasa inducibles (iNOS). Ayuda a mejorar la circulaci\u00f3n hep\u00e1tica y disminuir la hipoxia circulatoria al disminuir el edema de los elementos morfofuncionales del h\u00edgado y de los componentes mesenquimales.<\/li>\n<li>Ejerce un efecto membrano-estabilizante. Disminuye la apoptosis y necrosis de los elementos morfofuncionales del h\u00edgado en condiciones de cualquier tipo de estr\u00e9s hep\u00e1tico.<\/li>\n<li>Ayuda a normalizar niveles de aminotransferasas, bilirrubina y otros marcadores bioqu\u00edmicos de la cit\u00f3lisis hep\u00e1tica.<\/li>\n<li>Restaura la funci\u00f3n sint\u00e9tica del h\u00edgado, ayuda a mantener la s\u00edntesis de alb\u00famina, factores de coagulaci\u00f3n, prote\u00ednas transportadoras y otros productos prote\u00ednicos del h\u00edgado.<\/li>\n<li>Ejerce efecto antifibr\u00f3tico atenuando la acci\u00f3n de TGF \u2013 \u03b2 sobre las c\u00e9lulas estrelladas de Ito.<\/li>\n<li>Recupera la funci\u00f3n desintoxicante del h\u00edgado, contribuye a la actividad de alcoholdehidrogenasa y acetaldehidrogenasa, restaura la actividad de UDP \u2013 glucuroniltransferasa.<\/li>\n<li>Mejora el drenaje hepatobiliar, disminuye las propiedades calculog\u00e9nicas de la bilis.<\/li>\n<\/ul>\n","protected":false},"excerpt":{"rendered":"<p>El experto en el cuidado del h\u00edgado.<\/p>\n","protected":false},"featured_media":2554,"comment_status":"open","ping_status":"closed","template":"","meta":[],"product_brand":[470],"product_cat":[396],"product_tag":[615,564,502,576,500,501,520,503],"class_list":{"0":"post-2553","1":"product","2":"type-product","3":"status-publish","4":"has-post-thumbnail","6":"product_brand-himalaya","7":"product_cat-sistema-digestivo","8":"product_tag-antiinflamatorio","9":"product_tag-antioxidante","10":"product_tag-heredia","11":"product_tag-higado","12":"product_tag-macrobiotica","13":"product_tag-natural","14":"product_tag-natural-shop","15":"product_tag-san-pablo","17":"first","18":"instock","19":"shipping-taxable","20":"purchasable","21":"product-type-simple"},"jetpack_sharing_enabled":true,"_links":{"self":[{"href":"https:\/\/macronaturalsshop.com\/index.php?rest_route=\/wp\/v2\/product\/2553"}],"collection":[{"href":"https:\/\/macronaturalsshop.com\/index.php?rest_route=\/wp\/v2\/product"}],"about":[{"href":"https:\/\/macronaturalsshop.com\/index.php?rest_route=\/wp\/v2\/types\/product"}],"replies":[{"embeddable":true,"href":"https:\/\/macronaturalsshop.com\/index.php?rest_route=%2Fwp%2Fv2%2Fcomments&post=2553"}],"wp:featuredmedia":[{"embeddable":true,"href":"https:\/\/macronaturalsshop.com\/index.php?rest_route=\/wp\/v2\/media\/2554"}],"wp:attachment":[{"href":"https:\/\/macronaturalsshop.com\/index.php?rest_route=%2Fwp%2Fv2%2Fmedia&parent=2553"}],"wp:term":[{"taxonomy":"product_brand","embeddable":true,"href":"https:\/\/macronaturalsshop.com\/index.php?rest_route=%2Fwp%2Fv2%2Fproduct_brand&post=2553"},{"taxonomy":"product_cat","embeddable":true,"href":"https:\/\/macronaturalsshop.com\/index.php?rest_route=%2Fwp%2Fv2%2Fproduct_cat&post=2553"},{"taxonomy":"product_tag","embeddable":true,"href":"https:\/\/macronaturalsshop.com\/index.php?rest_route=%2Fwp%2Fv2%2Fproduct_tag&post=2553"}],"curies":[{"name":"wp","href":"https:\/\/api.w.org\/{rel}","templated":true}]}}