{"id":2557,"date":"2025-08-18T01:10:32","date_gmt":"2025-08-18T01:10:32","guid":{"rendered":"https:\/\/macronaturalsshop.com\/?post_type=product&#038;p=2557"},"modified":"2025-08-18T15:20:35","modified_gmt":"2025-08-18T15:20:35","slug":"mentat-50-tab","status":"publish","type":"product","link":"https:\/\/macronaturalsshop.com\/?product=mentat-50-tab","title":{"rendered":"Mentat Tabletas"},"content":{"rendered":"<ul>\n<li>Al potenciar la transmisi\u00f3n colin\u00e9rgica en las zonas frontales del cerebro mejora la estabilidad, volumen y agudeza de la atenci\u00f3n.<\/li>\n<li>Disminuye el cansancio mental, genera disposici\u00f3n para estudiar, mejora la condici\u00f3n emocional, aumenta la tolerancia al trabajo mental intenso.<\/li>\n<li>Disminuye la predisposici\u00f3n a las convulsiones y sus equivalentes, ayuda a evitar la polipragmasia en tratamientos por epilepsia.<\/li>\n<li>Modula el funcionamiento de los sistemas GABA\u00e9rgicos cerebrales.<\/li>\n<li>Modula el funcionamiento de los sistemas colin\u00e9rgicos cerebrales.<\/li>\n<li>Reactiva los receptores de dopamina.<\/li>\n<li>Disminuye la actividad de tribulin, lo que indica su actividad adapt\u00f3gena. Tribulin es una fracci\u00f3n heterog\u00e9nea no pept\u00eddica de los end\u00f3genos inhibidores de MAO. Son los productos del metabolismo de neurotransmisores involucrados en estr\u00e9s. Su excreci\u00f3n en la orina se correlaciona con estr\u00e9s y ansiedad, y se disminuye como resultado de la terapia sedativa, esto puede ser utilizado para valorar su eficacia.<\/li>\n<\/ul>\n","protected":false},"excerpt":{"rendered":"<p>Activa la mente.<br \/>\nMejora la memoria y concentraci\u00f3n.<\/p>\n","protected":false},"featured_media":5140,"comment_status":"open","ping_status":"closed","template":"","meta":[],"product_brand":[470],"product_cat":[404],"product_tag":[507,502,500,508,501,520,503],"class_list":{"0":"post-2557","1":"product","2":"type-product","3":"status-publish","4":"has-post-thumbnail","6":"product_brand-himalaya","7":"product_cat-ansiedad-y-estres","8":"product_tag-concentracion","9":"product_tag-heredia","10":"product_tag-macrobiotica","11":"product_tag-memoria","12":"product_tag-natural","13":"product_tag-natural-shop","14":"product_tag-san-pablo","16":"first","17":"instock","18":"shipping-taxable","19":"purchasable","20":"product-type-simple"},"jetpack_sharing_enabled":true,"_links":{"self":[{"href":"https:\/\/macronaturalsshop.com\/index.php?rest_route=\/wp\/v2\/product\/2557"}],"collection":[{"href":"https:\/\/macronaturalsshop.com\/index.php?rest_route=\/wp\/v2\/product"}],"about":[{"href":"https:\/\/macronaturalsshop.com\/index.php?rest_route=\/wp\/v2\/types\/product"}],"replies":[{"embeddable":true,"href":"https:\/\/macronaturalsshop.com\/index.php?rest_route=%2Fwp%2Fv2%2Fcomments&post=2557"}],"wp:featuredmedia":[{"embeddable":true,"href":"https:\/\/macronaturalsshop.com\/index.php?rest_route=\/wp\/v2\/media\/5140"}],"wp:attachment":[{"href":"https:\/\/macronaturalsshop.com\/index.php?rest_route=%2Fwp%2Fv2%2Fmedia&parent=2557"}],"wp:term":[{"taxonomy":"product_brand","embeddable":true,"href":"https:\/\/macronaturalsshop.com\/index.php?rest_route=%2Fwp%2Fv2%2Fproduct_brand&post=2557"},{"taxonomy":"product_cat","embeddable":true,"href":"https:\/\/macronaturalsshop.com\/index.php?rest_route=%2Fwp%2Fv2%2Fproduct_cat&post=2557"},{"taxonomy":"product_tag","embeddable":true,"href":"https:\/\/macronaturalsshop.com\/index.php?rest_route=%2Fwp%2Fv2%2Fproduct_tag&post=2557"}],"curies":[{"name":"wp","href":"https:\/\/api.w.org\/{rel}","templated":true}]}}