{"id":2563,"date":"2025-08-29T04:05:56","date_gmt":"2025-08-29T04:05:56","guid":{"rendered":"https:\/\/macronaturalsshop.com\/?post_type=product&#038;p=2563"},"modified":"2025-08-29T21:40:05","modified_gmt":"2025-08-29T21:40:05","slug":"oxivein-60-capsulas","status":"publish","type":"product","link":"https:\/\/macronaturalsshop.com\/?product=oxivein-60-capsulas","title":{"rendered":"Oxivein"},"content":{"rendered":"<p>Ayuda para:<\/p>\n<ul>\n<li>Celulitis.<\/li>\n<li>Enfermedad acido p\u00e9ptica estomacal (gastritis o \u00falcera).<\/li>\n<li>Micro y macroangiopat\u00eda diab\u00e9tica.<\/li>\n<li>Migra\u00f1a.<\/li>\n<li>Quemaduras<\/li>\n<\/ul>\n","protected":false},"excerpt":{"rendered":"<p>Coadyuvante en el tratamiento de insuficiencia venosa y sus s\u00edntomas; \u00fatil en v\u00e1rices, hemorroides y heridas de cicatrizaci\u00f3n lenta.<\/p>\n","protected":false},"featured_media":2564,"comment_status":"open","ping_status":"closed","template":"","meta":[],"product_brand":[470],"product_cat":[448],"product_tag":[633,627,599,502,500,501,520,503,634],"class_list":{"0":"post-2563","1":"product","2":"type-product","3":"status-publish","4":"has-post-thumbnail","6":"product_brand-himalaya","7":"product_cat-circulacion","8":"product_tag-celulitis","9":"product_tag-cicatrizante","10":"product_tag-hemorroides","11":"product_tag-heredia","12":"product_tag-macrobiotica","13":"product_tag-natural","14":"product_tag-natural-shop","15":"product_tag-san-pablo","16":"product_tag-varices","18":"first","19":"instock","20":"shipping-taxable","21":"purchasable","22":"product-type-simple"},"jetpack_sharing_enabled":true,"_links":{"self":[{"href":"https:\/\/macronaturalsshop.com\/index.php?rest_route=\/wp\/v2\/product\/2563"}],"collection":[{"href":"https:\/\/macronaturalsshop.com\/index.php?rest_route=\/wp\/v2\/product"}],"about":[{"href":"https:\/\/macronaturalsshop.com\/index.php?rest_route=\/wp\/v2\/types\/product"}],"replies":[{"embeddable":true,"href":"https:\/\/macronaturalsshop.com\/index.php?rest_route=%2Fwp%2Fv2%2Fcomments&post=2563"}],"wp:featuredmedia":[{"embeddable":true,"href":"https:\/\/macronaturalsshop.com\/index.php?rest_route=\/wp\/v2\/media\/2564"}],"wp:attachment":[{"href":"https:\/\/macronaturalsshop.com\/index.php?rest_route=%2Fwp%2Fv2%2Fmedia&parent=2563"}],"wp:term":[{"taxonomy":"product_brand","embeddable":true,"href":"https:\/\/macronaturalsshop.com\/index.php?rest_route=%2Fwp%2Fv2%2Fproduct_brand&post=2563"},{"taxonomy":"product_cat","embeddable":true,"href":"https:\/\/macronaturalsshop.com\/index.php?rest_route=%2Fwp%2Fv2%2Fproduct_cat&post=2563"},{"taxonomy":"product_tag","embeddable":true,"href":"https:\/\/macronaturalsshop.com\/index.php?rest_route=%2Fwp%2Fv2%2Fproduct_tag&post=2563"}],"curies":[{"name":"wp","href":"https:\/\/api.w.org\/{rel}","templated":true}]}}