{"id":2580,"date":"2025-09-03T01:20:51","date_gmt":"2025-09-03T01:20:51","guid":{"rendered":"https:\/\/macronaturalsshop.com\/?post_type=product&#038;p=2580"},"modified":"2025-09-03T16:04:07","modified_gmt":"2025-09-03T16:04:07","slug":"septilin-100-tab","status":"publish","type":"product","link":"https:\/\/macronaturalsshop.com\/?product=septilin-100-tab","title":{"rendered":"Septilin Tabletas"},"content":{"rendered":"<ul>\n<li>Activa el TH1, disminuye la activaci\u00f3n del TH2; de esta manera promueve la fagocitosis, las reacciones de inmunidad celular y disminuye la predisposici\u00f3n al\u00e9rgica, activaci\u00f3n de eosin\u00f3filos, s\u00edntesis de reaginas e inmunoglobulina E (<em>IgE<\/em>).<\/li>\n<li>Aumenta la s\u00edntesis de anticuerpos de car\u00e1cter opsonizante y neutralizador.<\/li>\n<li>Contiene sustancias que contribuyen a la diferenciaci\u00f3n y maduraci\u00f3n de colonias de granulocitos, macr\u00f3fagos y megacariocitos.<\/li>\n<\/ul>\n<div class=\"field-label\">\n<div class=\"label-above\"><strong>Indicaciones terap\u00e9uticas:<\/strong><\/div>\n<\/div>\n<div class=\"field-items\">\n<div class=\"field-item\">\n<ul>\n<li>Infecciones cr\u00f3nicas y agudas, virales y bacterianas independientemente de la localizaci\u00f3n.<\/li>\n<li>Trastornos al\u00e9rgicos (especialmente asma bronquial y dermatosis al\u00e9rgica).<\/li>\n<li>Quimioterapia de c\u00e1nceres.<\/li>\n<li>Profilaxis de la infecci\u00f3n quir\u00fargica.<\/li>\n<li>Insuficiencias immunol\u00f3gicas.<\/li>\n<li>Heridas de cicatrizaci\u00f3n lenta.<\/li>\n<li>Inmunodeficiencias cong\u00e9nitas y adquiridas.<\/li>\n<\/ul>\n<\/div>\n<\/div>\n","protected":false},"excerpt":{"rendered":"<p>\u00danico en su g\u00e9nero: hace que el organismo fabrique sus propios mecanismos de defensa.<\/p>\n","protected":false},"featured_media":5324,"comment_status":"open","ping_status":"closed","template":"","meta":[],"product_brand":[470],"product_cat":[379],"product_tag":[612,502,500,501,520,503],"class_list":{"0":"post-2580","1":"product","2":"type-product","3":"status-publish","4":"has-post-thumbnail","6":"product_brand-himalaya","7":"product_cat-sistema-inmunologico","8":"product_tag-defensas","9":"product_tag-heredia","10":"product_tag-macrobiotica","11":"product_tag-natural","12":"product_tag-natural-shop","13":"product_tag-san-pablo","15":"first","16":"instock","17":"shipping-taxable","18":"purchasable","19":"product-type-simple"},"jetpack_sharing_enabled":true,"_links":{"self":[{"href":"https:\/\/macronaturalsshop.com\/index.php?rest_route=\/wp\/v2\/product\/2580"}],"collection":[{"href":"https:\/\/macronaturalsshop.com\/index.php?rest_route=\/wp\/v2\/product"}],"about":[{"href":"https:\/\/macronaturalsshop.com\/index.php?rest_route=\/wp\/v2\/types\/product"}],"replies":[{"embeddable":true,"href":"https:\/\/macronaturalsshop.com\/index.php?rest_route=%2Fwp%2Fv2%2Fcomments&post=2580"}],"wp:featuredmedia":[{"embeddable":true,"href":"https:\/\/macronaturalsshop.com\/index.php?rest_route=\/wp\/v2\/media\/5324"}],"wp:attachment":[{"href":"https:\/\/macronaturalsshop.com\/index.php?rest_route=%2Fwp%2Fv2%2Fmedia&parent=2580"}],"wp:term":[{"taxonomy":"product_brand","embeddable":true,"href":"https:\/\/macronaturalsshop.com\/index.php?rest_route=%2Fwp%2Fv2%2Fproduct_brand&post=2580"},{"taxonomy":"product_cat","embeddable":true,"href":"https:\/\/macronaturalsshop.com\/index.php?rest_route=%2Fwp%2Fv2%2Fproduct_cat&post=2580"},{"taxonomy":"product_tag","embeddable":true,"href":"https:\/\/macronaturalsshop.com\/index.php?rest_route=%2Fwp%2Fv2%2Fproduct_tag&post=2580"}],"curies":[{"name":"wp","href":"https:\/\/api.w.org\/{rel}","templated":true}]}}