{"id":2599,"date":"2025-09-03T01:35:20","date_gmt":"2025-09-03T01:35:20","guid":{"rendered":"https:\/\/macronaturalsshop.com\/?post_type=product&#038;p=2599"},"modified":"2025-09-03T16:29:31","modified_gmt":"2025-09-03T16:29:31","slug":"tribulis-500","status":"publish","type":"product","link":"https:\/\/macronaturalsshop.com\/?product=tribulis-500","title":{"rendered":"Tribulis 500"},"content":{"rendered":"<p>Contribuye a la vitalidad, rendimiento y condici\u00f3n f\u00edsica masculina. Cuando el hombre necesita aumentar su poder y alcanzar nuevos l\u00edmites, a\u00fan en las situaciones m\u00e1s exigentes, Tribulis\u00a0 es la respuesta. Ideal para la salud y desempe\u00f1o masculino \u00f3ptimo.\u00a0 Incrementa la secreci\u00f3n de la hormona luteinizante de la hip\u00f3fisis lo cual favorece la secreci\u00f3n de testosterona en hombres. Elevando los niveles de testosterona, aportando vitalidad para cualquier reto dentro y fuera del gym. El aumento de los niveles de testosterona produce un aumento de la libido, de la fuerza y de la masa muscular. Simula el efecto de la insulina para aumentar la absorci\u00f3n de glucosa y amino\u00e1cidos, mejorando el tono muscular y la energ\u00eda.<\/p>\n","protected":false},"excerpt":{"rendered":"<p>Tratar la disfunci\u00f3n er\u00e9ctil, la infertilidad o la libido baja.<\/p>\n<p>Tribulis es un concentrado potenciador de testosterona que act\u00faa para reforzar la reserva de energ\u00eda y el rendimiento f\u00edsico, gracias a sus compuestos bioactivos<\/p>\n","protected":false},"featured_media":2600,"comment_status":"open","ping_status":"closed","template":"","meta":[],"product_brand":[495],"product_cat":[440,393],"product_tag":[560,502,500,501,520,503],"class_list":{"0":"post-2599","1":"product","2":"type-product","3":"status-publish","4":"has-post-thumbnail","6":"product_brand-total-natural","7":"product_cat-hormonal-hombre","8":"product_cat-energia","9":"product_tag-energia","10":"product_tag-heredia","11":"product_tag-macrobiotica","12":"product_tag-natural","13":"product_tag-natural-shop","14":"product_tag-san-pablo","16":"first","17":"instock","18":"shipping-taxable","19":"purchasable","20":"product-type-simple"},"jetpack_sharing_enabled":true,"_links":{"self":[{"href":"https:\/\/macronaturalsshop.com\/index.php?rest_route=\/wp\/v2\/product\/2599"}],"collection":[{"href":"https:\/\/macronaturalsshop.com\/index.php?rest_route=\/wp\/v2\/product"}],"about":[{"href":"https:\/\/macronaturalsshop.com\/index.php?rest_route=\/wp\/v2\/types\/product"}],"replies":[{"embeddable":true,"href":"https:\/\/macronaturalsshop.com\/index.php?rest_route=%2Fwp%2Fv2%2Fcomments&post=2599"}],"wp:featuredmedia":[{"embeddable":true,"href":"https:\/\/macronaturalsshop.com\/index.php?rest_route=\/wp\/v2\/media\/2600"}],"wp:attachment":[{"href":"https:\/\/macronaturalsshop.com\/index.php?rest_route=%2Fwp%2Fv2%2Fmedia&parent=2599"}],"wp:term":[{"taxonomy":"product_brand","embeddable":true,"href":"https:\/\/macronaturalsshop.com\/index.php?rest_route=%2Fwp%2Fv2%2Fproduct_brand&post=2599"},{"taxonomy":"product_cat","embeddable":true,"href":"https:\/\/macronaturalsshop.com\/index.php?rest_route=%2Fwp%2Fv2%2Fproduct_cat&post=2599"},{"taxonomy":"product_tag","embeddable":true,"href":"https:\/\/macronaturalsshop.com\/index.php?rest_route=%2Fwp%2Fv2%2Fproduct_tag&post=2599"}],"curies":[{"name":"wp","href":"https:\/\/api.w.org\/{rel}","templated":true}]}}