{"id":2615,"date":"2025-08-13T07:55:33","date_gmt":"2025-08-13T07:55:33","guid":{"rendered":"https:\/\/macronaturalsshop.com\/?post_type=product&#038;p=2615"},"modified":"2025-08-14T03:34:47","modified_gmt":"2025-08-14T03:34:47","slug":"complejo-b-60cap","status":"publish","type":"product","link":"https:\/\/macronaturalsshop.com\/?product=complejo-b-60cap","title":{"rendered":"Vitamina B Complex"},"content":{"rendered":"<p>Las Vitaminas del complejo B lo forman 8 vitaminas solubles en agua, las cuales son: Tiamina (vitamina B1), riboflavina (Vitamina B2), niacina (Vitamina B3), \u00e1cido pantot\u00e9nico (vitamina B5), piridoxina (vitamina B6), biotina (vitamina B7), \u00e1cido folico (vitamina B9), cobalamina (vitamina B12). En el complejo B de drasanvi hemos incorporado tambi\u00e9n la colina, el cual es un nutriente esencial soluble en agua, y el inositol que se conoce como vitamina B8.<\/p>\n","protected":false},"excerpt":{"rendered":"<p>Las Vitaminas del complejo B lo forman 8 vitaminas solubles en agua, las cuales son: Tiamina (vitamina B1), riboflavina (Vitamina B2), niacina (Vitamina B3), \u00e1cido pantot\u00e9nico (vitamina B5), piridoxina (vitamina B6), biotina (vitamina B7), \u00e1cido folico (vitamina B9), cobalamina (vitamina B12). En el complejo B de drasanvi hemos incorporado tambi\u00e9n la colina, el cual es un nutriente esencial soluble en agua, y el inositol que se conoce como vitamina B8.<\/p>\n","protected":false},"featured_media":4179,"comment_status":"open","ping_status":"closed","template":"","meta":[],"product_brand":[463],"product_cat":[398],"product_tag":[502,500,501,520,503,568],"class_list":{"0":"post-2615","1":"product","2":"type-product","3":"status-publish","4":"has-post-thumbnail","6":"product_brand-drasanvi","7":"product_cat-vit-y-min","8":"product_tag-heredia","9":"product_tag-macrobiotica","10":"product_tag-natural","11":"product_tag-natural-shop","12":"product_tag-san-pablo","13":"product_tag-vitaminas","15":"first","16":"instock","17":"shipping-taxable","18":"purchasable","19":"product-type-simple"},"jetpack_sharing_enabled":true,"_links":{"self":[{"href":"https:\/\/macronaturalsshop.com\/index.php?rest_route=\/wp\/v2\/product\/2615"}],"collection":[{"href":"https:\/\/macronaturalsshop.com\/index.php?rest_route=\/wp\/v2\/product"}],"about":[{"href":"https:\/\/macronaturalsshop.com\/index.php?rest_route=\/wp\/v2\/types\/product"}],"replies":[{"embeddable":true,"href":"https:\/\/macronaturalsshop.com\/index.php?rest_route=%2Fwp%2Fv2%2Fcomments&post=2615"}],"wp:featuredmedia":[{"embeddable":true,"href":"https:\/\/macronaturalsshop.com\/index.php?rest_route=\/wp\/v2\/media\/4179"}],"wp:attachment":[{"href":"https:\/\/macronaturalsshop.com\/index.php?rest_route=%2Fwp%2Fv2%2Fmedia&parent=2615"}],"wp:term":[{"taxonomy":"product_brand","embeddable":true,"href":"https:\/\/macronaturalsshop.com\/index.php?rest_route=%2Fwp%2Fv2%2Fproduct_brand&post=2615"},{"taxonomy":"product_cat","embeddable":true,"href":"https:\/\/macronaturalsshop.com\/index.php?rest_route=%2Fwp%2Fv2%2Fproduct_cat&post=2615"},{"taxonomy":"product_tag","embeddable":true,"href":"https:\/\/macronaturalsshop.com\/index.php?rest_route=%2Fwp%2Fv2%2Fproduct_tag&post=2615"}],"curies":[{"name":"wp","href":"https:\/\/api.w.org\/{rel}","templated":true}]}}