{"id":2625,"date":"2025-09-03T05:01:43","date_gmt":"2025-09-03T05:01:43","guid":{"rendered":"https:\/\/macronaturalsshop.com\/?post_type=product&#038;p=2625"},"modified":"2025-09-04T02:28:05","modified_gmt":"2025-09-04T02:28:05","slug":"collmar-magnesio-acido-hial-limon-300g","status":"publish","type":"product","link":"https:\/\/macronaturalsshop.com\/?product=collmar-magnesio-acido-hial-limon-300g","title":{"rendered":"Collmar Magnesio Lim\u00f3n 300 g"},"content":{"rendered":"<ul>\n<li><strong>Prote\u00ednas:<\/strong>\u00a0 Las prote\u00ednas contribuyen aumentar la masa muscular.<\/li>\n<li><strong>Vitamina C:<\/strong>\u00a0La Vitamina C contribuye a la formaci\u00f3n normal del Col\u00e1geno para el funcionamiento normal de cart\u00edlagos, huesos y piel.<\/li>\n<li><strong>Magnesio:<\/strong>\u00a0 Contribuye a la s\u00edntesis proteica normal.<\/li>\n<\/ul>\n","protected":false},"excerpt":{"rendered":"<p>Collmar es un complemento alimenticio a base de Col\u00e1geno Marino, enriquecido con Vitamina C\u00a0y Magnesio.La combinaci\u00f3n de estos tres ingredientes lo convierten en un excelente producto relacionado con el aporte de prote\u00ednas<\/p>\n","protected":false},"featured_media":2626,"comment_status":"open","ping_status":"closed","template":"","meta":[],"product_brand":[463],"product_cat":[380,389,386],"product_tag":[558,559,502,500,501,520,503],"class_list":{"0":"post-2625","1":"product","2":"type-product","3":"status-publish","4":"has-post-thumbnail","6":"product_brand-drasanvi","7":"product_cat-articulaciones","8":"product_cat-colageno","9":"product_cat-magnesio","10":"product_tag-articulaciones","11":"product_tag-colageno","12":"product_tag-heredia","13":"product_tag-macrobiotica","14":"product_tag-natural","15":"product_tag-natural-shop","16":"product_tag-san-pablo","18":"first","19":"instock","20":"shipping-taxable","21":"purchasable","22":"product-type-simple"},"jetpack_sharing_enabled":true,"_links":{"self":[{"href":"https:\/\/macronaturalsshop.com\/index.php?rest_route=\/wp\/v2\/product\/2625"}],"collection":[{"href":"https:\/\/macronaturalsshop.com\/index.php?rest_route=\/wp\/v2\/product"}],"about":[{"href":"https:\/\/macronaturalsshop.com\/index.php?rest_route=\/wp\/v2\/types\/product"}],"replies":[{"embeddable":true,"href":"https:\/\/macronaturalsshop.com\/index.php?rest_route=%2Fwp%2Fv2%2Fcomments&post=2625"}],"wp:featuredmedia":[{"embeddable":true,"href":"https:\/\/macronaturalsshop.com\/index.php?rest_route=\/wp\/v2\/media\/2626"}],"wp:attachment":[{"href":"https:\/\/macronaturalsshop.com\/index.php?rest_route=%2Fwp%2Fv2%2Fmedia&parent=2625"}],"wp:term":[{"taxonomy":"product_brand","embeddable":true,"href":"https:\/\/macronaturalsshop.com\/index.php?rest_route=%2Fwp%2Fv2%2Fproduct_brand&post=2625"},{"taxonomy":"product_cat","embeddable":true,"href":"https:\/\/macronaturalsshop.com\/index.php?rest_route=%2Fwp%2Fv2%2Fproduct_cat&post=2625"},{"taxonomy":"product_tag","embeddable":true,"href":"https:\/\/macronaturalsshop.com\/index.php?rest_route=%2Fwp%2Fv2%2Fproduct_tag&post=2625"}],"curies":[{"name":"wp","href":"https:\/\/api.w.org\/{rel}","templated":true}]}}