{"id":2629,"date":"2025-09-03T05:05:57","date_gmt":"2025-09-03T05:05:57","guid":{"rendered":"https:\/\/macronaturalsshop.com\/?post_type=product&#038;p=2629"},"modified":"2025-09-04T02:31:57","modified_gmt":"2025-09-04T02:31:57","slug":"collmar-magnesio-curcuma-vainilla-300g","status":"publish","type":"product","link":"https:\/\/macronaturalsshop.com\/?product=collmar-magnesio-curcuma-vainilla-300g","title":{"rendered":"Collmar Magnesio C\u00farcuma Vainilla 300 g"},"content":{"rendered":"<ul>\n<li class=\"lazyloaded\"><strong>Prote\u00ednas:<\/strong>\u00a0Las prote\u00ednas contribuyen aumentar la masa muscular<\/li>\n<li class=\"lazyloaded\"><strong>Vitamina C:<\/strong>La vitamina C contribuye a la formaci\u00f3n normal del Col\u00e1geno para el funcionamiento normal de cart\u00edlagos, huesos y piel<\/li>\n<li class=\"lazyloaded\"><strong>Magnesio:<\/strong>\u00a0Contribuye a la s\u00edntesis proteica normal<\/li>\n<\/ul>\n","protected":false},"excerpt":{"rendered":"<p>Collmar es un complemento alimenticio a base de Col\u00e1geno Marino, enriquecido con vitamina C y Magnesio.La combinaci\u00f3n de estos \u00a0ingredientes permite una acci\u00f3n sin\u00e9rgica que mejora los resultados, \u00a0convirti\u00e9ndolo en un excelente producto para <strong>optimizar la s\u00edntesis de prote\u00ednas<\/strong>.<\/p>\n","protected":false},"featured_media":2630,"comment_status":"open","ping_status":"closed","template":"","meta":[],"product_brand":[463],"product_cat":[389,386],"product_tag":[559,502,500,501,520,503],"class_list":{"0":"post-2629","1":"product","2":"type-product","3":"status-publish","4":"has-post-thumbnail","6":"product_brand-drasanvi","7":"product_cat-colageno","8":"product_cat-magnesio","9":"product_tag-colageno","10":"product_tag-heredia","11":"product_tag-macrobiotica","12":"product_tag-natural","13":"product_tag-natural-shop","14":"product_tag-san-pablo","16":"first","17":"instock","18":"shipping-taxable","19":"purchasable","20":"product-type-simple"},"jetpack_sharing_enabled":true,"_links":{"self":[{"href":"https:\/\/macronaturalsshop.com\/index.php?rest_route=\/wp\/v2\/product\/2629"}],"collection":[{"href":"https:\/\/macronaturalsshop.com\/index.php?rest_route=\/wp\/v2\/product"}],"about":[{"href":"https:\/\/macronaturalsshop.com\/index.php?rest_route=\/wp\/v2\/types\/product"}],"replies":[{"embeddable":true,"href":"https:\/\/macronaturalsshop.com\/index.php?rest_route=%2Fwp%2Fv2%2Fcomments&post=2629"}],"wp:featuredmedia":[{"embeddable":true,"href":"https:\/\/macronaturalsshop.com\/index.php?rest_route=\/wp\/v2\/media\/2630"}],"wp:attachment":[{"href":"https:\/\/macronaturalsshop.com\/index.php?rest_route=%2Fwp%2Fv2%2Fmedia&parent=2629"}],"wp:term":[{"taxonomy":"product_brand","embeddable":true,"href":"https:\/\/macronaturalsshop.com\/index.php?rest_route=%2Fwp%2Fv2%2Fproduct_brand&post=2629"},{"taxonomy":"product_cat","embeddable":true,"href":"https:\/\/macronaturalsshop.com\/index.php?rest_route=%2Fwp%2Fv2%2Fproduct_cat&post=2629"},{"taxonomy":"product_tag","embeddable":true,"href":"https:\/\/macronaturalsshop.com\/index.php?rest_route=%2Fwp%2Fv2%2Fproduct_tag&post=2629"}],"curies":[{"name":"wp","href":"https:\/\/api.w.org\/{rel}","templated":true}]}}