{"id":2710,"date":"2025-08-12T04:00:17","date_gmt":"2025-08-12T04:00:17","guid":{"rendered":"https:\/\/macronaturalsshop.com\/?post_type=product&#038;p=2710"},"modified":"2025-09-22T01:10:13","modified_gmt":"2025-09-22T01:10:13","slug":"vitamina-e-1000-iu-100sf","status":"publish","type":"product","link":"https:\/\/macronaturalsshop.com\/?product=vitamina-e-1000-iu-100sf","title":{"rendered":"Vitamina E 1000 IU"},"content":{"rendered":"<p>La Vitamina E es liposoluble y participa en el metabolismo de todas las c\u00e9lulas. Protege a la Vitamina A y \u00e1cidos grasos esenciales de la oxidaci\u00f3n en las c\u00e9lulas del organismo y evita la ruptura de los tejidos del cuerpo. Tiene poder antioxidante por lo tanto ayuda al cuerpo a protegerse contra los efectos de los radicales libres, fortaleciendo el sistema inmune para evitar que sustancias extra\u00f1as puedan da\u00f1ar las c\u00e9lulas del cuerpo, contribuyendo al mantenimiento de la piel, del cabello y de las u\u00f1as frente al da\u00f1o oxidativo, reduce los da\u00f1os relacionados con el envejecimiento a nivel de sistema nervioso central, mejora la circulaci\u00f3n sangu\u00ednea promoviendo una adecuada coagulaci\u00f3n de la sangre y estimula la fertilidad tanto en el hombre como en la mujer.<\/p>\n","protected":false},"excerpt":{"rendered":"<p>El efecto antioxidante  de este nutriente protege a otras vitaminas  solubles en grasa del da\u00f1o causado por el ox\u00edgeno. Particularmente beneficia el uso de la vitamina<\/p>\n","protected":false},"featured_media":4964,"comment_status":"open","ping_status":"closed","template":"","meta":[],"product_brand":[454],"product_cat":[398],"product_tag":[502,500,501,520,503,568],"class_list":{"0":"post-2710","1":"product","2":"type-product","3":"status-publish","4":"has-post-thumbnail","6":"product_brand-alfa","7":"product_cat-vit-y-min","8":"product_tag-heredia","9":"product_tag-macrobiotica","10":"product_tag-natural","11":"product_tag-natural-shop","12":"product_tag-san-pablo","13":"product_tag-vitaminas","15":"first","16":"instock","17":"shipping-taxable","18":"purchasable","19":"product-type-simple"},"jetpack_sharing_enabled":true,"_links":{"self":[{"href":"https:\/\/macronaturalsshop.com\/index.php?rest_route=\/wp\/v2\/product\/2710"}],"collection":[{"href":"https:\/\/macronaturalsshop.com\/index.php?rest_route=\/wp\/v2\/product"}],"about":[{"href":"https:\/\/macronaturalsshop.com\/index.php?rest_route=\/wp\/v2\/types\/product"}],"replies":[{"embeddable":true,"href":"https:\/\/macronaturalsshop.com\/index.php?rest_route=%2Fwp%2Fv2%2Fcomments&post=2710"}],"wp:featuredmedia":[{"embeddable":true,"href":"https:\/\/macronaturalsshop.com\/index.php?rest_route=\/wp\/v2\/media\/4964"}],"wp:attachment":[{"href":"https:\/\/macronaturalsshop.com\/index.php?rest_route=%2Fwp%2Fv2%2Fmedia&parent=2710"}],"wp:term":[{"taxonomy":"product_brand","embeddable":true,"href":"https:\/\/macronaturalsshop.com\/index.php?rest_route=%2Fwp%2Fv2%2Fproduct_brand&post=2710"},{"taxonomy":"product_cat","embeddable":true,"href":"https:\/\/macronaturalsshop.com\/index.php?rest_route=%2Fwp%2Fv2%2Fproduct_cat&post=2710"},{"taxonomy":"product_tag","embeddable":true,"href":"https:\/\/macronaturalsshop.com\/index.php?rest_route=%2Fwp%2Fv2%2Fproduct_tag&post=2710"}],"curies":[{"name":"wp","href":"https:\/\/api.w.org\/{rel}","templated":true}]}}