{"id":2727,"date":"2025-09-03T05:10:39","date_gmt":"2025-09-03T05:10:39","guid":{"rendered":"https:\/\/macronaturalsshop.com\/?post_type=product&#038;p=2727"},"modified":"2025-09-04T02:34:28","modified_gmt":"2025-09-04T02:34:28","slug":"laurite-betesda-400-g","status":"publish","type":"product","link":"https:\/\/macronaturalsshop.com\/?product=laurite-betesda-400-g","title":{"rendered":"LauriT\u00e9 Betesda 400g"},"content":{"rendered":"<p>El laurit\u00e9 es una mezcla de tres ingredientes, el primero de ellos es el coco, es un coco virgen, este coco es rico en \u00e1cido l\u00e1urico que mata el hongo c\u00e1ndida que produce la ansiedad por comer pan, harinas, carbohidratos<\/p>\n","protected":false},"excerpt":{"rendered":"<p>El laurit\u00e9 es una mezcla de tres ingredientes, el primero de ellos es el coco, es un coco virgen, este coco es rico en \u00e1cido l\u00e1urico que mata el hongo c\u00e1ndida que produce la ansiedad por comer pan, harinas, carbohidratos<\/p>\n","protected":false},"featured_media":2728,"comment_status":"open","ping_status":"closed","template":"","meta":[],"product_brand":[456],"product_cat":[388,436],"product_tag":[584,502,500,501,520,503],"class_list":{"0":"post-2727","1":"product","2":"type-product","3":"status-publish","4":"has-post-thumbnail","6":"product_brand-betesda","7":"product_cat-control-de-peso","8":"product_cat-te","9":"product_tag-control-de-peso","10":"product_tag-heredia","11":"product_tag-macrobiotica","12":"product_tag-natural","13":"product_tag-natural-shop","14":"product_tag-san-pablo","16":"first","17":"instock","18":"shipping-taxable","19":"purchasable","20":"product-type-simple"},"jetpack_sharing_enabled":true,"_links":{"self":[{"href":"https:\/\/macronaturalsshop.com\/index.php?rest_route=\/wp\/v2\/product\/2727"}],"collection":[{"href":"https:\/\/macronaturalsshop.com\/index.php?rest_route=\/wp\/v2\/product"}],"about":[{"href":"https:\/\/macronaturalsshop.com\/index.php?rest_route=\/wp\/v2\/types\/product"}],"replies":[{"embeddable":true,"href":"https:\/\/macronaturalsshop.com\/index.php?rest_route=%2Fwp%2Fv2%2Fcomments&post=2727"}],"wp:featuredmedia":[{"embeddable":true,"href":"https:\/\/macronaturalsshop.com\/index.php?rest_route=\/wp\/v2\/media\/2728"}],"wp:attachment":[{"href":"https:\/\/macronaturalsshop.com\/index.php?rest_route=%2Fwp%2Fv2%2Fmedia&parent=2727"}],"wp:term":[{"taxonomy":"product_brand","embeddable":true,"href":"https:\/\/macronaturalsshop.com\/index.php?rest_route=%2Fwp%2Fv2%2Fproduct_brand&post=2727"},{"taxonomy":"product_cat","embeddable":true,"href":"https:\/\/macronaturalsshop.com\/index.php?rest_route=%2Fwp%2Fv2%2Fproduct_cat&post=2727"},{"taxonomy":"product_tag","embeddable":true,"href":"https:\/\/macronaturalsshop.com\/index.php?rest_route=%2Fwp%2Fv2%2Fproduct_tag&post=2727"}],"curies":[{"name":"wp","href":"https:\/\/api.w.org\/{rel}","templated":true}]}}