{"id":2733,"date":"2025-09-03T05:15:12","date_gmt":"2025-09-03T05:15:12","guid":{"rendered":"https:\/\/macronaturalsshop.com\/?post_type=product&#038;p=2733"},"modified":"2025-09-04T02:56:50","modified_gmt":"2025-09-04T02:56:50","slug":"bebida-en-polvo-de-remolacha-140g","status":"publish","type":"product","link":"https:\/\/macronaturalsshop.com\/?product=bebida-en-polvo-de-remolacha-140g","title":{"rendered":"Bebida en Polvo de Remolacha 140G"},"content":{"rendered":"<p>Restaurar la microbiota intestinal tiene un efecto directo en el estado de \u00e1nimo, la depresi\u00f3n, la ansiedad y los ataques de p\u00e1nico.<\/p>\n","protected":false},"excerpt":{"rendered":"<p>Ideal para aquellas personas que padecen:<\/p>\n<p>* Gases * Colitis * Dolor abdominal * Estre\u00f1imiento * Dolores de cabeza * Alergias en la piel.<\/p>\n","protected":false},"featured_media":2734,"comment_status":"open","ping_status":"closed","template":"","meta":[],"product_brand":[456],"product_cat":[396,404],"product_tag":[623,607,502,500,501,520,503],"class_list":{"0":"post-2733","1":"product","2":"type-product","3":"status-publish","4":"has-post-thumbnail","6":"product_brand-betesda","7":"product_cat-sistema-digestivo","8":"product_cat-ansiedad-y-estres","9":"product_tag-colitis","10":"product_tag-gases","11":"product_tag-heredia","12":"product_tag-macrobiotica","13":"product_tag-natural","14":"product_tag-natural-shop","15":"product_tag-san-pablo","17":"first","18":"instock","19":"shipping-taxable","20":"purchasable","21":"product-type-simple"},"jetpack_sharing_enabled":true,"_links":{"self":[{"href":"https:\/\/macronaturalsshop.com\/index.php?rest_route=\/wp\/v2\/product\/2733"}],"collection":[{"href":"https:\/\/macronaturalsshop.com\/index.php?rest_route=\/wp\/v2\/product"}],"about":[{"href":"https:\/\/macronaturalsshop.com\/index.php?rest_route=\/wp\/v2\/types\/product"}],"replies":[{"embeddable":true,"href":"https:\/\/macronaturalsshop.com\/index.php?rest_route=%2Fwp%2Fv2%2Fcomments&post=2733"}],"wp:featuredmedia":[{"embeddable":true,"href":"https:\/\/macronaturalsshop.com\/index.php?rest_route=\/wp\/v2\/media\/2734"}],"wp:attachment":[{"href":"https:\/\/macronaturalsshop.com\/index.php?rest_route=%2Fwp%2Fv2%2Fmedia&parent=2733"}],"wp:term":[{"taxonomy":"product_brand","embeddable":true,"href":"https:\/\/macronaturalsshop.com\/index.php?rest_route=%2Fwp%2Fv2%2Fproduct_brand&post=2733"},{"taxonomy":"product_cat","embeddable":true,"href":"https:\/\/macronaturalsshop.com\/index.php?rest_route=%2Fwp%2Fv2%2Fproduct_cat&post=2733"},{"taxonomy":"product_tag","embeddable":true,"href":"https:\/\/macronaturalsshop.com\/index.php?rest_route=%2Fwp%2Fv2%2Fproduct_tag&post=2733"}],"curies":[{"name":"wp","href":"https:\/\/api.w.org\/{rel}","templated":true}]}}