{"id":2844,"date":"2025-09-04T01:05:53","date_gmt":"2025-09-04T01:05:53","guid":{"rendered":"https:\/\/macronaturalsshop.com\/?post_type=product&#038;p=2844"},"modified":"2025-09-05T03:28:54","modified_gmt":"2025-09-05T03:28:54","slug":"jugo-de-guanavana-y-una-de-gato-1litr","status":"publish","type":"product","link":"https:\/\/macronaturalsshop.com\/?product=jugo-de-guanavana-y-una-de-gato-1litr","title":{"rendered":"Jugo de Guan\u00e1bana y U\u00f1a de Gato 1L"},"content":{"rendered":"<p>Contiene agua desionizada, pulpa de guan\u00e1bana, extracto de una de gato, sorbato de potasio y acido c\u00edtrico<\/p>\n","protected":false},"excerpt":{"rendered":"<p>Coadyuvante en la lucha contra el c\u00e1ncer y cualquier tipo de tumor maligno, tiene propiedades antiestr\u00e9s, baja la presi\u00f3n arterial, protege el sistema inmunol\u00f3gico, trata los hemorroides y las infecciones de orina<\/p>\n","protected":false},"featured_media":3901,"comment_status":"open","ping_status":"closed","template":"","meta":[],"product_brand":[460],"product_cat":[379],"product_tag":[502,500,501,520,503],"class_list":{"0":"post-2844","1":"product","2":"type-product","3":"status-publish","4":"has-post-thumbnail","6":"product_brand-delisse-herbal","7":"product_cat-sistema-inmunologico","8":"product_tag-heredia","9":"product_tag-macrobiotica","10":"product_tag-natural","11":"product_tag-natural-shop","12":"product_tag-san-pablo","14":"first","15":"instock","16":"shipping-taxable","17":"purchasable","18":"product-type-simple"},"jetpack_sharing_enabled":true,"_links":{"self":[{"href":"https:\/\/macronaturalsshop.com\/index.php?rest_route=\/wp\/v2\/product\/2844"}],"collection":[{"href":"https:\/\/macronaturalsshop.com\/index.php?rest_route=\/wp\/v2\/product"}],"about":[{"href":"https:\/\/macronaturalsshop.com\/index.php?rest_route=\/wp\/v2\/types\/product"}],"replies":[{"embeddable":true,"href":"https:\/\/macronaturalsshop.com\/index.php?rest_route=%2Fwp%2Fv2%2Fcomments&post=2844"}],"wp:featuredmedia":[{"embeddable":true,"href":"https:\/\/macronaturalsshop.com\/index.php?rest_route=\/wp\/v2\/media\/3901"}],"wp:attachment":[{"href":"https:\/\/macronaturalsshop.com\/index.php?rest_route=%2Fwp%2Fv2%2Fmedia&parent=2844"}],"wp:term":[{"taxonomy":"product_brand","embeddable":true,"href":"https:\/\/macronaturalsshop.com\/index.php?rest_route=%2Fwp%2Fv2%2Fproduct_brand&post=2844"},{"taxonomy":"product_cat","embeddable":true,"href":"https:\/\/macronaturalsshop.com\/index.php?rest_route=%2Fwp%2Fv2%2Fproduct_cat&post=2844"},{"taxonomy":"product_tag","embeddable":true,"href":"https:\/\/macronaturalsshop.com\/index.php?rest_route=%2Fwp%2Fv2%2Fproduct_tag&post=2844"}],"curies":[{"name":"wp","href":"https:\/\/api.w.org\/{rel}","templated":true}]}}