{"id":2856,"date":"2025-08-16T06:01:20","date_gmt":"2025-08-16T06:01:20","guid":{"rendered":"https:\/\/macronaturalsshop.com\/?post_type=product&#038;p=2856"},"modified":"2025-08-17T01:48:10","modified_gmt":"2025-08-17T01:48:10","slug":"gt-san-forte","status":"publish","type":"product","link":"https:\/\/macronaturalsshop.com\/?product=gt-san-forte","title":{"rendered":"GT-San Forte"},"content":{"rendered":"<p>Suplemento alimenticio a base de plantas con vitamina C, calcio y antioxidantes<br \/>\nCon extracto de papa, targua y regaliz<\/p>\n","protected":false},"excerpt":{"rendered":"<p>Dile adi\u00f3s a los s\u00edntomas de la gastritis, colitis, vomito y distenci\u00f3n abdominal<\/p>\n","protected":false},"featured_media":5104,"comment_status":"open","ping_status":"closed","template":"","meta":[],"product_brand":[468],"product_cat":[396],"product_tag":[623,622,502,500,501,520,503,624],"class_list":{"0":"post-2856","1":"product","2":"type-product","3":"status-publish","4":"has-post-thumbnail","6":"product_brand-herbarium","7":"product_cat-sistema-digestivo","8":"product_tag-colitis","9":"product_tag-gastritis","10":"product_tag-heredia","11":"product_tag-macrobiotica","12":"product_tag-natural","13":"product_tag-natural-shop","14":"product_tag-san-pablo","15":"product_tag-vomitos","17":"first","18":"instock","19":"shipping-taxable","20":"purchasable","21":"product-type-simple"},"jetpack_sharing_enabled":true,"_links":{"self":[{"href":"https:\/\/macronaturalsshop.com\/index.php?rest_route=\/wp\/v2\/product\/2856"}],"collection":[{"href":"https:\/\/macronaturalsshop.com\/index.php?rest_route=\/wp\/v2\/product"}],"about":[{"href":"https:\/\/macronaturalsshop.com\/index.php?rest_route=\/wp\/v2\/types\/product"}],"replies":[{"embeddable":true,"href":"https:\/\/macronaturalsshop.com\/index.php?rest_route=%2Fwp%2Fv2%2Fcomments&post=2856"}],"wp:featuredmedia":[{"embeddable":true,"href":"https:\/\/macronaturalsshop.com\/index.php?rest_route=\/wp\/v2\/media\/5104"}],"wp:attachment":[{"href":"https:\/\/macronaturalsshop.com\/index.php?rest_route=%2Fwp%2Fv2%2Fmedia&parent=2856"}],"wp:term":[{"taxonomy":"product_brand","embeddable":true,"href":"https:\/\/macronaturalsshop.com\/index.php?rest_route=%2Fwp%2Fv2%2Fproduct_brand&post=2856"},{"taxonomy":"product_cat","embeddable":true,"href":"https:\/\/macronaturalsshop.com\/index.php?rest_route=%2Fwp%2Fv2%2Fproduct_cat&post=2856"},{"taxonomy":"product_tag","embeddable":true,"href":"https:\/\/macronaturalsshop.com\/index.php?rest_route=%2Fwp%2Fv2%2Fproduct_tag&post=2856"}],"curies":[{"name":"wp","href":"https:\/\/api.w.org\/{rel}","templated":true}]}}