{"id":2990,"date":"2025-09-06T01:15:22","date_gmt":"2025-09-06T01:15:22","guid":{"rendered":"https:\/\/macronaturalsshop.com\/?post_type=product&#038;p=2990"},"modified":"2025-09-06T19:05:29","modified_gmt":"2025-09-06T19:05:29","slug":"whey-protein-fresa-800g","status":"publish","type":"product","link":"https:\/\/macronaturalsshop.com\/?product=whey-protein-fresa-800g","title":{"rendered":"Whey Protein Aislado Sabor Yogur Fresa 800 g Sport Liv"},"content":{"rendered":"<p>Whey Protein con sabor yogur fresa es un complemento alimenticio a base de prote\u00ednas de alta pureza. Esta fuente proteica proviene de\u00a0<strong>aislado de suero de leche<\/strong> obtenido por microfiltraci\u00f3n y ultrafiltrado. La calidad de nuestra prote\u00edna nos permite obtener un producto de alta concentraci\u00f3n en prote\u00ednas (pr\u00f3ximo al 90%), extremadamente\u00a0<strong>bajo en hidratos de carbono y libre de grasas.<\/strong>Su alta pureza aporta gran cantidad de\u00a0<strong>amino\u00e1cidos ramificados<\/strong>, presentes naturalmente en la prote\u00edna, as\u00ed como otros amino\u00e1cidos esenciales y minerales como el calcio y el f\u00f3sforo. Con el fin de mejorar la calidad del producto, hemos a\u00f1adido amino\u00e1cidos como la\u00a0<strong>Glutamina y la Leucina,<\/strong>\u00a0y enzimas digestivas que ayudan a asimilar las proteinas.<\/p>\n","protected":false},"excerpt":{"rendered":"<p>Esta fuente proteica proviene de\u00a0<strong>aislado de suero de leche<\/strong> obtenido por microfiltraci\u00f3n y ultrafiltrado.<\/p>\n","protected":false},"featured_media":2991,"comment_status":"open","ping_status":"closed","template":"","meta":[],"product_brand":[463],"product_cat":[385],"product_tag":[566,502,500,520,503],"class_list":{"0":"post-2990","1":"product","2":"type-product","3":"status-publish","4":"has-post-thumbnail","6":"product_brand-drasanvi","7":"product_cat-deporte","8":"product_tag-deporte","9":"product_tag-heredia","10":"product_tag-macrobiotica","11":"product_tag-natural-shop","12":"product_tag-san-pablo","14":"first","15":"instock","16":"shipping-taxable","17":"purchasable","18":"product-type-simple"},"jetpack_sharing_enabled":true,"_links":{"self":[{"href":"https:\/\/macronaturalsshop.com\/index.php?rest_route=\/wp\/v2\/product\/2990"}],"collection":[{"href":"https:\/\/macronaturalsshop.com\/index.php?rest_route=\/wp\/v2\/product"}],"about":[{"href":"https:\/\/macronaturalsshop.com\/index.php?rest_route=\/wp\/v2\/types\/product"}],"replies":[{"embeddable":true,"href":"https:\/\/macronaturalsshop.com\/index.php?rest_route=%2Fwp%2Fv2%2Fcomments&post=2990"}],"wp:featuredmedia":[{"embeddable":true,"href":"https:\/\/macronaturalsshop.com\/index.php?rest_route=\/wp\/v2\/media\/2991"}],"wp:attachment":[{"href":"https:\/\/macronaturalsshop.com\/index.php?rest_route=%2Fwp%2Fv2%2Fmedia&parent=2990"}],"wp:term":[{"taxonomy":"product_brand","embeddable":true,"href":"https:\/\/macronaturalsshop.com\/index.php?rest_route=%2Fwp%2Fv2%2Fproduct_brand&post=2990"},{"taxonomy":"product_cat","embeddable":true,"href":"https:\/\/macronaturalsshop.com\/index.php?rest_route=%2Fwp%2Fv2%2Fproduct_cat&post=2990"},{"taxonomy":"product_tag","embeddable":true,"href":"https:\/\/macronaturalsshop.com\/index.php?rest_route=%2Fwp%2Fv2%2Fproduct_tag&post=2990"}],"curies":[{"name":"wp","href":"https:\/\/api.w.org\/{rel}","templated":true}]}}