{"id":2992,"date":"2025-08-13T07:30:40","date_gmt":"2025-08-13T07:30:40","guid":{"rendered":"https:\/\/macronaturalsshop.com\/?post_type=product&#038;p=2992"},"modified":"2025-08-14T03:28:33","modified_gmt":"2025-08-14T03:28:33","slug":"whey-protein-vainilla-800g","status":"publish","type":"product","link":"https:\/\/macronaturalsshop.com\/?product=whey-protein-vainilla-800g","title":{"rendered":"Whey Protein Aislado Vainilla 800 g Sport"},"content":{"rendered":"<p>Esta fuente proteica proviene de aislado de suero de leche obtenido por microfiltraci\u00f3n y ultrafiltrado.La calidad de nuestra prote\u00edna nos permite obtener un producto de alta concentraci\u00f3n en prote\u00ednas (pr\u00f3ximo al 90%), extremadamente bajo en hidratos de carbono y libre de grasas.Su alta pureza aporta gran cantidad de amino\u00e1cidos ramificados, presentes naturalmente en la prote\u00edna, as\u00ed como otros amino\u00e1cidos esenciales y minerales como el calcio y el f\u00f3sforo.Con el fin de mejorar la calidad del producto, hemos a\u00f1adido amino\u00e1cidos como la Glutamina y la Leucina, y enzimas digestivas que ayudan a asimilar las proteinas.<\/p>\n","protected":false},"excerpt":{"rendered":"<p>Whey Protein con sabor vainilla es un complemento alimenticio a base de prote\u00ednas de alta pureza.<\/p>\n","protected":false},"featured_media":2993,"comment_status":"open","ping_status":"closed","template":"","meta":[],"product_brand":[463],"product_cat":[385],"product_tag":[566,502,500,501,520,555,503],"class_list":{"0":"post-2992","1":"product","2":"type-product","3":"status-publish","4":"has-post-thumbnail","6":"product_brand-drasanvi","7":"product_cat-deporte","8":"product_tag-deporte","9":"product_tag-heredia","10":"product_tag-macrobiotica","11":"product_tag-natural","12":"product_tag-natural-shop","13":"product_tag-proteinas","14":"product_tag-san-pablo","16":"first","17":"instock","18":"shipping-taxable","19":"purchasable","20":"product-type-simple"},"jetpack_sharing_enabled":true,"_links":{"self":[{"href":"https:\/\/macronaturalsshop.com\/index.php?rest_route=\/wp\/v2\/product\/2992"}],"collection":[{"href":"https:\/\/macronaturalsshop.com\/index.php?rest_route=\/wp\/v2\/product"}],"about":[{"href":"https:\/\/macronaturalsshop.com\/index.php?rest_route=\/wp\/v2\/types\/product"}],"replies":[{"embeddable":true,"href":"https:\/\/macronaturalsshop.com\/index.php?rest_route=%2Fwp%2Fv2%2Fcomments&post=2992"}],"wp:featuredmedia":[{"embeddable":true,"href":"https:\/\/macronaturalsshop.com\/index.php?rest_route=\/wp\/v2\/media\/2993"}],"wp:attachment":[{"href":"https:\/\/macronaturalsshop.com\/index.php?rest_route=%2Fwp%2Fv2%2Fmedia&parent=2992"}],"wp:term":[{"taxonomy":"product_brand","embeddable":true,"href":"https:\/\/macronaturalsshop.com\/index.php?rest_route=%2Fwp%2Fv2%2Fproduct_brand&post=2992"},{"taxonomy":"product_cat","embeddable":true,"href":"https:\/\/macronaturalsshop.com\/index.php?rest_route=%2Fwp%2Fv2%2Fproduct_cat&post=2992"},{"taxonomy":"product_tag","embeddable":true,"href":"https:\/\/macronaturalsshop.com\/index.php?rest_route=%2Fwp%2Fv2%2Fproduct_tag&post=2992"}],"curies":[{"name":"wp","href":"https:\/\/api.w.org\/{rel}","templated":true}]}}