{"id":3004,"date":"2025-09-06T01:20:12","date_gmt":"2025-09-06T01:20:12","guid":{"rendered":"https:\/\/macronaturalsshop.com\/?post_type=product&#038;p=3004"},"modified":"2025-09-06T19:20:56","modified_gmt":"2025-09-06T19:20:56","slug":"extreme-mass-gainer-vainilla-1050g","status":"publish","type":"product","link":"https:\/\/macronaturalsshop.com\/?product=extreme-mass-gainer-vainilla-1050g","title":{"rendered":"Extreme Mass Gainer Vainilla 1050g"},"content":{"rendered":"<p><strong>BENEFICIOS \/ BENEFITS:<\/strong><\/p>\n<ul>\n<li>15g de prote\u00edna \/ protein<\/li>\n<li>47g de carbohidratos \/ carbs<\/li>\n<li>345 calor\u00edas \/ calories<\/li>\n<li>Fortificado con vitaminas y minerales<\/li>\n<li>Sabor vainilla \/ vanilla<\/li>\n<li>7 porciones \/ servings (600g)<\/li>\n<li>13 porciones \/ servings (1050g)<\/li>\n<\/ul>\n","protected":false},"excerpt":{"rendered":"<p><strong>EXTREME MASS GAINER<\/strong>\u00a0es una deliciosa f\u00f3rmula alta en prote\u00edna y en calor\u00edas, que aporta adem\u00e1s carbohidratos y grasas en cantidades adecuadas para\u00a0<strong>estimular el aumento de peso y de la masa muscular, as\u00ed como reponer al organismo con energ\u00eda luego de un entrenamiento intenso.<\/strong><\/p>\n","protected":false},"featured_media":5340,"comment_status":"open","ping_status":"closed","template":"","meta":[],"product_brand":[486],"product_cat":[385],"product_tag":[566,502,520,503],"class_list":{"0":"post-3004","1":"product","2":"type-product","3":"status-publish","4":"has-post-thumbnail","6":"product_brand-power-lab","7":"product_cat-deporte","8":"product_tag-deporte","9":"product_tag-heredia","10":"product_tag-natural-shop","11":"product_tag-san-pablo","13":"first","14":"instock","15":"shipping-taxable","16":"purchasable","17":"product-type-simple"},"jetpack_sharing_enabled":true,"_links":{"self":[{"href":"https:\/\/macronaturalsshop.com\/index.php?rest_route=\/wp\/v2\/product\/3004"}],"collection":[{"href":"https:\/\/macronaturalsshop.com\/index.php?rest_route=\/wp\/v2\/product"}],"about":[{"href":"https:\/\/macronaturalsshop.com\/index.php?rest_route=\/wp\/v2\/types\/product"}],"replies":[{"embeddable":true,"href":"https:\/\/macronaturalsshop.com\/index.php?rest_route=%2Fwp%2Fv2%2Fcomments&post=3004"}],"wp:featuredmedia":[{"embeddable":true,"href":"https:\/\/macronaturalsshop.com\/index.php?rest_route=\/wp\/v2\/media\/5340"}],"wp:attachment":[{"href":"https:\/\/macronaturalsshop.com\/index.php?rest_route=%2Fwp%2Fv2%2Fmedia&parent=3004"}],"wp:term":[{"taxonomy":"product_brand","embeddable":true,"href":"https:\/\/macronaturalsshop.com\/index.php?rest_route=%2Fwp%2Fv2%2Fproduct_brand&post=3004"},{"taxonomy":"product_cat","embeddable":true,"href":"https:\/\/macronaturalsshop.com\/index.php?rest_route=%2Fwp%2Fv2%2Fproduct_cat&post=3004"},{"taxonomy":"product_tag","embeddable":true,"href":"https:\/\/macronaturalsshop.com\/index.php?rest_route=%2Fwp%2Fv2%2Fproduct_tag&post=3004"}],"curies":[{"name":"wp","href":"https:\/\/api.w.org\/{rel}","templated":true}]}}