{"id":3008,"date":"2025-08-17T02:00:41","date_gmt":"2025-08-17T02:00:41","guid":{"rendered":"https:\/\/macronaturalsshop.com\/?post_type=product&#038;p=3008"},"modified":"2025-08-17T19:17:27","modified_gmt":"2025-08-17T19:17:27","slug":"proteina-aislada-de-arveja-power-lab","status":"publish","type":"product","link":"https:\/\/macronaturalsshop.com\/?product=proteina-aislada-de-arveja-power-lab","title":{"rendered":"Proteina Aislada de Arveja Power Lab"},"content":{"rendered":"<p>Nuestra\u00a0<strong>Prote\u00edna Aislada de Arveja (Pea Protein)<\/strong>\u00a0es una excelente alternativa para aquellas personas que son sensibles a la Whey Protein o a la soya, o que no desean ingerir prote\u00ednas de origen animal.<\/p>\n<p>Cada porci\u00f3n aporta\u00a0<strong>25g de prote\u00edna, 0 az\u00facares y 130 calor\u00edas.<\/strong><\/p>\n<p>Esta prote\u00edna\u00a0<strong>100% vegetal<\/strong>\u00a0destaca por su alto nivel de lisina, un amino\u00e1cido escaso en los cereales.<\/p>\n<p>No contiene az\u00facar a\u00f1adido, es baja en carbohidratos y se recomienda para estimular el\u00a0<strong>desarrollo muscular y la reconstituci\u00f3n de los tejidos.<\/strong><\/p>\n<p><strong>BENEFICIOS \/ BENEFITS:<\/strong><\/p>\n<ul>\n<li>100% vegana \/ vegan<\/li>\n<li>Libre de gl\u00faten \/ Gluten free<\/li>\n<li>Libre de soya \/ Soy free<\/li>\n<li>Libre de az\u00facar \/ Sugar free<\/li>\n<li>Libre de alergenos \/ allergen free<\/li>\n<li>25g de prote\u00edna \/ protein<\/li>\n<li>1.7g de carbohidratos \/ carbs<\/li>\n<li>2.7g de grasa \/ fat<\/li>\n<li>160mg de sodio \/ sodium<\/li>\n<li>Sabor vainilla \/ vanilla<\/li>\n<li>14 porciones \/ servings<\/li>\n<li>Empaque de 500g<\/li>\n<\/ul>\n","protected":false},"excerpt":{"rendered":"<p>Prote\u00edna VEGANA en polvo para formaci\u00f3n muscular para deportistas.<\/p>\n","protected":false},"featured_media":5127,"comment_status":"open","ping_status":"closed","template":"","meta":[],"product_brand":[486],"product_cat":[385],"product_tag":[566,502,500,501,520,555,503,629],"class_list":{"0":"post-3008","1":"product","2":"type-product","3":"status-publish","4":"has-post-thumbnail","6":"product_brand-power-lab","7":"product_cat-deporte","8":"product_tag-deporte","9":"product_tag-heredia","10":"product_tag-macrobiotica","11":"product_tag-natural","12":"product_tag-natural-shop","13":"product_tag-proteinas","14":"product_tag-san-pablo","15":"product_tag-vegana","17":"first","18":"instock","19":"shipping-taxable","20":"purchasable","21":"product-type-simple"},"jetpack_sharing_enabled":true,"_links":{"self":[{"href":"https:\/\/macronaturalsshop.com\/index.php?rest_route=\/wp\/v2\/product\/3008"}],"collection":[{"href":"https:\/\/macronaturalsshop.com\/index.php?rest_route=\/wp\/v2\/product"}],"about":[{"href":"https:\/\/macronaturalsshop.com\/index.php?rest_route=\/wp\/v2\/types\/product"}],"replies":[{"embeddable":true,"href":"https:\/\/macronaturalsshop.com\/index.php?rest_route=%2Fwp%2Fv2%2Fcomments&post=3008"}],"wp:featuredmedia":[{"embeddable":true,"href":"https:\/\/macronaturalsshop.com\/index.php?rest_route=\/wp\/v2\/media\/5127"}],"wp:attachment":[{"href":"https:\/\/macronaturalsshop.com\/index.php?rest_route=%2Fwp%2Fv2%2Fmedia&parent=3008"}],"wp:term":[{"taxonomy":"product_brand","embeddable":true,"href":"https:\/\/macronaturalsshop.com\/index.php?rest_route=%2Fwp%2Fv2%2Fproduct_brand&post=3008"},{"taxonomy":"product_cat","embeddable":true,"href":"https:\/\/macronaturalsshop.com\/index.php?rest_route=%2Fwp%2Fv2%2Fproduct_cat&post=3008"},{"taxonomy":"product_tag","embeddable":true,"href":"https:\/\/macronaturalsshop.com\/index.php?rest_route=%2Fwp%2Fv2%2Fproduct_tag&post=3008"}],"curies":[{"name":"wp","href":"https:\/\/api.w.org\/{rel}","templated":true}]}}